{"id":24508,"date":"2025-10-22T13:47:06","date_gmt":"2025-10-22T11:47:06","guid":{"rendered":"https:\/\/buenartevisual.com\/colegiotalavera\/?page_id=24508"},"modified":"2025-10-22T13:49:35","modified_gmt":"2025-10-22T11:49:35","slug":"proyecto-steam-y-nuevo-proyecto-de-innovacion-educativa","status":"publish","type":"page","link":"https:\/\/buenartevisual.com\/colegiotalavera\/proyecto-steam-y-nuevo-proyecto-de-innovacion-educativa\/","title":{"rendered":"Proyecto STEAM y nuevo Proyecto de Innovaci\u00f3n Educativa"},"content":{"rendered":"\t\t<div data-elementor-type=\"wp-page\" data-elementor-id=\"24508\" class=\"elementor elementor-24508\">\n\t\t\t\t\t\t\t<div class=\" elementor-element elementor-element-754f8f21 e-flex e-con-boxed e-con e-parent\" data-id=\"754f8f21\" data-element_type=\"container\">\r\n\t\t\t\t\t\t\t<div class=\"e-con-inner\">\r\n\t\t\t\t\t\t\t<div class=\" elementor-element elementor-element-32d200ae e-con-full e-flex e-con e-child\" data-id=\"32d200ae\" data-element_type=\"container\">\r\n\t\t\t\t\t<div class=\"elementor-element elementor-element-2e9c50e2 elementor-widget elementor-widget-udesign_widget_heading\" data-id=\"2e9c50e2\" data-element_type=\"widget\" data-widget_type=\"udesign_widget_heading.default\">\n\t\t\t\t\t<div class=\"title-wrapper  title-center\"><div class=\"title elementor-heading-title\">construyendo una escuela digital<\/div><\/div>\t\t\t\t<\/div>\n\t\t\t\t<div class=\"elementor-element elementor-element-590e16b elementor-widget__width-initial elementor-widget-mobile__width-inherit elementor-widget elementor-widget-udesign_widget_heading\" data-id=\"590e16b\" data-element_type=\"widget\" data-widget_type=\"udesign_widget_heading.default\">\n\t\t\t\t\t<div class=\"title-wrapper  title-center\"><h2 class=\"title elementor-heading-title\">Impulsando la competencia digital para ofrecer una educaci\u00f3n inclusiva, creativa y de calidad<\/h2><\/div>\t\t\t\t<\/div>\n\t\t\t\t<div class=\"elementor-element elementor-element-7d6d711 elementor-widget elementor-widget-text-editor\" data-id=\"7d6d711\" data-element_type=\"widget\" data-widget_type=\"text-editor.default\">\n\t\t\t\t\t\t\t\t\t<p>Durante los cursos 2021-2022 y 2022-2023 hemos participado en el proyecto STEAM convocado por la Consejer\u00eda de Educaci\u00f3n de a JCCM, un proyecto centrado en la educaci\u00f3n de los estudiantes en las \u00e1reas de ciencia, tecnolog\u00eda, ingenier\u00eda, arte y matem\u00e1ticas con el fin de proporcionar una educaci\u00f3n m\u00e1s completa y relevante, cuyo objetivo era preparar a los estudiantes para trabajos relacionados con la tecnolog\u00eda y la innovaci\u00f3n y ayudarlos a desarrollar habilidades cr\u00edticas y creativas, as\u00ed como una comprensi\u00f3n m\u00e1s profunda de c\u00f3mo estas \u00e1reas del conocimiento se relacionan entre s\u00ed. Fruto de esta participaci\u00f3n fue el \u00a0Sello de Calidad obtenido en la convocatoria 2023-2024.<\/p><p>En el curso 2023-2024 hemos comenzado un nuevo proyecto a tres a\u00f1os, el Proyecto de Innovaci\u00f3n Educativa, tras la publicaci\u00f3n de la\u00a0<a href=\"https:\/\/docm.jccm.es\/docm\/descargarArchivo.do?ruta=2024\/01\/16\/pdf\/2024_41.pdf&amp;tipo=rutaDocm\">Resoluci\u00f3n de 03\/01\/2024<\/a>, de la Direcci\u00f3n General de Innovaci\u00f3n Educativa y Centros, por la que convoca a los centros docentes sostenidos con fondos p\u00fablicos de Castilla-La Mancha para participar en el dise\u00f1o, implantaci\u00f3n, organizaci\u00f3n, desarrollo y evaluaci\u00f3n de proyectos de innovaci\u00f3n educativa de Castilla-La Mancha entre los cursos 2023-2024 y 2025-2026.<\/p><p>Nuestro PIE se va a centrar en el \u00e1mbito del Desarrollo de la competencia digital y en el \u00c1rea CompDigEdu, porque entendemos que, una vez conseguida la acreditaci\u00f3n en Competencia Digital Docente en el Nivel B1, el profesorado del centro debe seguir avanzando en su formaci\u00f3n digital para conseguir una educacio\u0301n digital de alta calidad, inclusiva y accesible, como plantea la Comisi\u00f3n Europea en su Plan de Accio\u0301n de Educacio\u0301n Digital (2021- 2027). Tambi\u00e9n pretendemos mejorar el desarrollo de la competencia digital del alumnado y el uso de las tecnologi\u0301as digitales en el aprendizaje, con el objetivo de la transformacio\u0301n de los centros en organizaciones educativas digitalmente competentes, de acuerdo con los principios del Programa para la Mejora de la Competencia Digital Educativa (#CompDigEdu), financiado con cargo al Mecanismo de Recuperacio\u0301n y Resiliencia (MRR). Es un proyecto que involucra a toda la comunidad educativa: a la direcci\u00f3n del centro, los alumnos y los profesores, por supuesto, pero tambi\u00e9n a las familias, el Consejo Escolar y la Asociaci\u00f3n de Madres y Padres de Alumnos.<\/p><p>Nuestro centro lleva varios a\u00f1os apostando fuerte por la Digitalizaci\u00f3n y por nuevos m\u00e9todos de mejora de la ense\u00f1anza, de ah\u00ed nuestra participaci\u00f3n en proyectos, seminarios y grupos de trabajo vinculados a la innovaci\u00f3n educativa, la cultura digital, destrezas y comunicaciones, atenci\u00f3n a la diversidad, y en competencias STEAM. Por todo esto consideramos esencial participar en esta convocatoria de Proyectos de Innovaci\u00f3n, con una visi\u00f3n m\u00e1s amplia y a largo plazo, \u00fanico m\u00e9todo para conseguir un ecosistema educativo digital de alto rendimiento.<\/p>\t\t\t\t\t\t\t\t<\/div>\n\t\t\r\n\t\t\t<\/div>\r\n\t\t\t\t\t\t\t<\/div>\r\n\t\t\t\t\r\n\t\t\t<\/div>\r\n\t\t\t\t\t<\/div>\n\t\t","protected":false},"excerpt":{"rendered":"<p>construyendo una escuela digital Impulsando la competencia digital para ofrecer una educaci\u00f3n inclusiva, creativa y de calidad Durante los cursos 2021-2022 y 2022-2023 hemos participado en el proyecto STEAM convocado por la Consejer\u00eda de Educaci\u00f3n de a JCCM, un proyecto centrado en la educaci\u00f3n de los estudiantes en las \u00e1reas de ciencia, tecnolog\u00eda, ingenier\u00eda, arte [&hellip;]<\/p>\n","protected":false},"author":2,"featured_media":0,"parent":0,"menu_order":0,"comment_status":"closed","ping_status":"closed","template":"","meta":{"footnotes":""},"class_list":["post-24508","page","type-page","status-publish","hentry"],"yoast_head":"<!-- This site is optimized with the Yoast SEO plugin v26.5 - https:\/\/yoast.com\/wordpress\/plugins\/seo\/ -->\n<title>Proyecto STEAM y nuevo Proyecto de Innovaci\u00f3n Educativa - Colegio Misioneras de la Providencia Talavera de la Reina<\/title>\n<meta name=\"robots\" content=\"noindex, follow, max-snippet:-1, max-image-preview:large, max-video-preview:-1\" \/>\n<meta property=\"og:locale\" content=\"es_ES\" \/>\n<meta property=\"og:type\" content=\"article\" \/>\n<meta property=\"og:title\" content=\"Proyecto STEAM y nuevo Proyecto de Innovaci\u00f3n Educativa - Colegio Misioneras de la Providencia Talavera de la Reina\" \/>\n<meta property=\"og:description\" content=\"construyendo una escuela digital Impulsando la competencia digital para ofrecer una educaci\u00f3n inclusiva, creativa y de calidad Durante los cursos 2021-2022 y 2022-2023 hemos participado en el proyecto STEAM convocado por la Consejer\u00eda de Educaci\u00f3n de a JCCM, un proyecto centrado en la educaci\u00f3n de los estudiantes en las \u00e1reas de ciencia, tecnolog\u00eda, ingenier\u00eda, arte [&hellip;]\" \/>\n<meta property=\"og:url\" content=\"https:\/\/buenartevisual.com\/colegiotalavera\/proyecto-steam-y-nuevo-proyecto-de-innovacion-educativa\/\" \/>\n<meta property=\"og:site_name\" content=\"Colegio Misioneras de la Providencia Talavera de la Reina\" \/>\n<meta property=\"article:modified_time\" content=\"2025-10-22T11:49:35+00:00\" \/>\n<meta name=\"twitter:card\" content=\"summary_large_image\" \/>\n<meta name=\"twitter:label1\" content=\"Tiempo de lectura\" \/>\n\t<meta name=\"twitter:data1\" content=\"3 minutos\" \/>\n<script type=\"application\/ld+json\" class=\"yoast-schema-graph\">{\"@context\":\"https:\/\/schema.org\",\"@graph\":[{\"@type\":\"WebPage\",\"@id\":\"https:\/\/buenartevisual.com\/colegiotalavera\/proyecto-steam-y-nuevo-proyecto-de-innovacion-educativa\/\",\"url\":\"https:\/\/buenartevisual.com\/colegiotalavera\/proyecto-steam-y-nuevo-proyecto-de-innovacion-educativa\/\",\"name\":\"Proyecto STEAM y nuevo Proyecto de Innovaci\u00f3n Educativa - Colegio Misioneras de la Providencia Talavera de la Reina\",\"isPartOf\":{\"@id\":\"https:\/\/buenartevisual.com\/colegiotalavera\/#website\"},\"datePublished\":\"2025-10-22T11:47:06+00:00\",\"dateModified\":\"2025-10-22T11:49:35+00:00\",\"breadcrumb\":{\"@id\":\"https:\/\/buenartevisual.com\/colegiotalavera\/proyecto-steam-y-nuevo-proyecto-de-innovacion-educativa\/#breadcrumb\"},\"inLanguage\":\"es\",\"potentialAction\":[{\"@type\":\"ReadAction\",\"target\":[\"https:\/\/buenartevisual.com\/colegiotalavera\/proyecto-steam-y-nuevo-proyecto-de-innovacion-educativa\/\"]}]},{\"@type\":\"BreadcrumbList\",\"@id\":\"https:\/\/buenartevisual.com\/colegiotalavera\/proyecto-steam-y-nuevo-proyecto-de-innovacion-educativa\/#breadcrumb\",\"itemListElement\":[{\"@type\":\"ListItem\",\"position\":1,\"name\":\"Portada\",\"item\":\"https:\/\/buenartevisual.com\/colegiotalavera\/\"},{\"@type\":\"ListItem\",\"position\":2,\"name\":\"Proyecto STEAM y nuevo Proyecto de Innovaci\u00f3n Educativa\"}]},{\"@type\":\"WebSite\",\"@id\":\"https:\/\/buenartevisual.com\/colegiotalavera\/#website\",\"url\":\"https:\/\/buenartevisual.com\/colegiotalavera\/\",\"name\":\"Colegio Misioneras de la Providencia Talavera de la Reina\",\"description\":\"Web del colegio Misioneras de la Providencia de Talavera de la Reina\",\"publisher\":{\"@id\":\"https:\/\/buenartevisual.com\/colegiotalavera\/#organization\"},\"potentialAction\":[{\"@type\":\"SearchAction\",\"target\":{\"@type\":\"EntryPoint\",\"urlTemplate\":\"https:\/\/buenartevisual.com\/colegiotalavera\/?s={search_term_string}\"},\"query-input\":{\"@type\":\"PropertyValueSpecification\",\"valueRequired\":true,\"valueName\":\"search_term_string\"}}],\"inLanguage\":\"es\"},{\"@type\":\"Organization\",\"@id\":\"https:\/\/buenartevisual.com\/colegiotalavera\/#organization\",\"name\":\"Colegio Misioneras de la Providencia Talavera de la Reina\",\"url\":\"https:\/\/buenartevisual.com\/colegiotalavera\/\",\"logo\":{\"@type\":\"ImageObject\",\"inLanguage\":\"es\",\"@id\":\"https:\/\/buenartevisual.com\/colegiotalavera\/#\/schema\/logo\/image\/\",\"url\":\"https:\/\/buenartevisual.com\/colegiotalavera\/wp-content\/uploads\/2025\/10\/logo-misioneras-talavera.png\",\"contentUrl\":\"https:\/\/buenartevisual.com\/colegiotalavera\/wp-content\/uploads\/2025\/10\/logo-misioneras-talavera.png\",\"width\":447,\"height\":142,\"caption\":\"Colegio Misioneras de la Providencia Talavera de la Reina\"},\"image\":{\"@id\":\"https:\/\/buenartevisual.com\/colegiotalavera\/#\/schema\/logo\/image\/\"}}]}<\/script>\n<!-- \/ Yoast SEO plugin. -->","yoast_head_json":{"title":"Proyecto STEAM y nuevo Proyecto de Innovaci\u00f3n Educativa - Colegio Misioneras de la Providencia Talavera de la Reina","robots":{"index":"noindex","follow":"follow","max-snippet":"max-snippet:-1","max-image-preview":"max-image-preview:large","max-video-preview":"max-video-preview:-1"},"og_locale":"es_ES","og_type":"article","og_title":"Proyecto STEAM y nuevo Proyecto de Innovaci\u00f3n Educativa - Colegio Misioneras de la Providencia Talavera de la Reina","og_description":"construyendo una escuela digital Impulsando la competencia digital para ofrecer una educaci\u00f3n inclusiva, creativa y de calidad Durante los cursos 2021-2022 y 2022-2023 hemos participado en el proyecto STEAM convocado por la Consejer\u00eda de Educaci\u00f3n de a JCCM, un proyecto centrado en la educaci\u00f3n de los estudiantes en las \u00e1reas de ciencia, tecnolog\u00eda, ingenier\u00eda, arte [&hellip;]","og_url":"https:\/\/buenartevisual.com\/colegiotalavera\/proyecto-steam-y-nuevo-proyecto-de-innovacion-educativa\/","og_site_name":"Colegio Misioneras de la Providencia Talavera de la Reina","article_modified_time":"2025-10-22T11:49:35+00:00","twitter_card":"summary_large_image","twitter_misc":{"Tiempo de lectura":"3 minutos"},"schema":{"@context":"https:\/\/schema.org","@graph":[{"@type":"WebPage","@id":"https:\/\/buenartevisual.com\/colegiotalavera\/proyecto-steam-y-nuevo-proyecto-de-innovacion-educativa\/","url":"https:\/\/buenartevisual.com\/colegiotalavera\/proyecto-steam-y-nuevo-proyecto-de-innovacion-educativa\/","name":"Proyecto STEAM y nuevo Proyecto de Innovaci\u00f3n Educativa - Colegio Misioneras de la Providencia Talavera de la Reina","isPartOf":{"@id":"https:\/\/buenartevisual.com\/colegiotalavera\/#website"},"datePublished":"2025-10-22T11:47:06+00:00","dateModified":"2025-10-22T11:49:35+00:00","breadcrumb":{"@id":"https:\/\/buenartevisual.com\/colegiotalavera\/proyecto-steam-y-nuevo-proyecto-de-innovacion-educativa\/#breadcrumb"},"inLanguage":"es","potentialAction":[{"@type":"ReadAction","target":["https:\/\/buenartevisual.com\/colegiotalavera\/proyecto-steam-y-nuevo-proyecto-de-innovacion-educativa\/"]}]},{"@type":"BreadcrumbList","@id":"https:\/\/buenartevisual.com\/colegiotalavera\/proyecto-steam-y-nuevo-proyecto-de-innovacion-educativa\/#breadcrumb","itemListElement":[{"@type":"ListItem","position":1,"name":"Portada","item":"https:\/\/buenartevisual.com\/colegiotalavera\/"},{"@type":"ListItem","position":2,"name":"Proyecto STEAM y nuevo Proyecto de Innovaci\u00f3n Educativa"}]},{"@type":"WebSite","@id":"https:\/\/buenartevisual.com\/colegiotalavera\/#website","url":"https:\/\/buenartevisual.com\/colegiotalavera\/","name":"Colegio Misioneras de la Providencia Talavera de la Reina","description":"Web del colegio Misioneras de la Providencia de Talavera de la Reina","publisher":{"@id":"https:\/\/buenartevisual.com\/colegiotalavera\/#organization"},"potentialAction":[{"@type":"SearchAction","target":{"@type":"EntryPoint","urlTemplate":"https:\/\/buenartevisual.com\/colegiotalavera\/?s={search_term_string}"},"query-input":{"@type":"PropertyValueSpecification","valueRequired":true,"valueName":"search_term_string"}}],"inLanguage":"es"},{"@type":"Organization","@id":"https:\/\/buenartevisual.com\/colegiotalavera\/#organization","name":"Colegio Misioneras de la Providencia Talavera de la Reina","url":"https:\/\/buenartevisual.com\/colegiotalavera\/","logo":{"@type":"ImageObject","inLanguage":"es","@id":"https:\/\/buenartevisual.com\/colegiotalavera\/#\/schema\/logo\/image\/","url":"https:\/\/buenartevisual.com\/colegiotalavera\/wp-content\/uploads\/2025\/10\/logo-misioneras-talavera.png","contentUrl":"https:\/\/buenartevisual.com\/colegiotalavera\/wp-content\/uploads\/2025\/10\/logo-misioneras-talavera.png","width":447,"height":142,"caption":"Colegio Misioneras de la Providencia Talavera de la Reina"},"image":{"@id":"https:\/\/buenartevisual.com\/colegiotalavera\/#\/schema\/logo\/image\/"}}]}},"_links":{"self":[{"href":"https:\/\/buenartevisual.com\/colegiotalavera\/wp-json\/wp\/v2\/pages\/24508","targetHints":{"allow":["GET"]}}],"collection":[{"href":"https:\/\/buenartevisual.com\/colegiotalavera\/wp-json\/wp\/v2\/pages"}],"about":[{"href":"https:\/\/buenartevisual.com\/colegiotalavera\/wp-json\/wp\/v2\/types\/page"}],"author":[{"embeddable":true,"href":"https:\/\/buenartevisual.com\/colegiotalavera\/wp-json\/wp\/v2\/users\/2"}],"replies":[{"embeddable":true,"href":"https:\/\/buenartevisual.com\/colegiotalavera\/wp-json\/wp\/v2\/comments?post=24508"}],"version-history":[{"count":4,"href":"https:\/\/buenartevisual.com\/colegiotalavera\/wp-json\/wp\/v2\/pages\/24508\/revisions"}],"predecessor-version":[{"id":24512,"href":"https:\/\/buenartevisual.com\/colegiotalavera\/wp-json\/wp\/v2\/pages\/24508\/revisions\/24512"}],"wp:attachment":[{"href":"https:\/\/buenartevisual.com\/colegiotalavera\/wp-json\/wp\/v2\/media?parent=24508"}],"curies":[{"name":"wp","href":"https:\/\/api.w.org\/{rel}","templated":true}]}}