{"id":21621,"date":"2025-09-24T12:13:12","date_gmt":"2025-09-24T10:13:12","guid":{"rendered":"https:\/\/buenartevisual.com\/colegiotalavera\/?page_id=21621"},"modified":"2025-09-24T12:40:16","modified_gmt":"2025-09-24T10:40:16","slug":"consejo-escolar","status":"publish","type":"page","link":"https:\/\/buenartevisual.com\/colegiotalavera\/consejo-escolar\/","title":{"rendered":"Consejo escolar"},"content":{"rendered":"\t\t<div data-elementor-type=\"wp-page\" data-elementor-id=\"21621\" class=\"elementor elementor-21621\">\n\t\t\t\t\t\t\t<div class=\" elementor-element elementor-element-4d2520f e-flex e-con-boxed e-con e-parent\" data-id=\"4d2520f\" data-element_type=\"container\">\r\n\t\t\t\t\t\t\t<div class=\"e-con-inner\">\r\n\t\t\t\t\t\t\t<div class=\" elementor-element elementor-element-14daf5a e-con-full e-flex e-con e-child\" data-id=\"14daf5a\" data-element_type=\"container\">\r\n\t\t\t\t\t<div data-plugin=\"floating\" data-options=\"{&quot;invertX&quot;:false,&quot;invertY&quot;:false}\" data-floating-depth=\"0.1\" class=\"elementor-element elementor-element-c73659d elementor-invisible elementor-widget elementor-widget-image\" data-id=\"c73659d\" data-element_type=\"widget\" data-settings=\"{&quot;_animation&quot;:&quot;zoomIn&quot;,&quot;_animation_delay&quot;:200}\" data-widget_type=\"image.default\">\n\t\t\t\t\t\t\t\t\t\t\t\t\t\t\t<img fetchpriority=\"high\" decoding=\"async\" width=\"1000\" height=\"1000\" src=\"https:\/\/buenartevisual.com\/colegiotalavera\/wp-content\/uploads\/2025\/09\/ampa.jpg\" class=\"attachment-full size-full wp-image-21617\" alt=\"\" srcset=\"https:\/\/buenartevisual.com\/colegiotalavera\/wp-content\/uploads\/2025\/09\/ampa.jpg 1000w, https:\/\/buenartevisual.com\/colegiotalavera\/wp-content\/uploads\/2025\/09\/ampa-768x768.jpg 768w\" sizes=\"(max-width: 1000px) 100vw, 1000px\" \/>\t\t\t\t\t\t\t\t\t\t\t\t\t\t\t<\/div>\n\t\t\r\n\t\t\t<\/div>\r\n\t\t\t\t\t\t<div class=\" elementor-element elementor-element-86c6e69 e-con-full e-flex e-con e-child\" data-id=\"86c6e69\" data-element_type=\"container\">\r\n\t\t\t\t\t<div class=\"elementor-element elementor-element-559abbb elementor-widget elementor-widget-udesign_widget_heading\" data-id=\"559abbb\" data-element_type=\"widget\" data-widget_type=\"udesign_widget_heading.default\">\n\t\t\t\t\t<div class=\"title-wrapper  title-left title-md-left\"><div class=\"title elementor-heading-title\">Decidimos juntos<\/div><\/div>\t\t\t\t<\/div>\n\t\t\t\t<div class=\"elementor-element elementor-element-7e8f66a elementor-invisible elementor-widget elementor-widget-udesign_widget_heading\" data-id=\"7e8f66a\" data-element_type=\"widget\" data-settings=\"{&quot;_animation&quot;:&quot;fadeInUpShorter&quot;,&quot;_animation_delay&quot;:400}\" data-widget_type=\"udesign_widget_heading.default\">\n\t\t\t\t\t<div class=\"title-wrapper  title-left\"><h3 class=\"title elementor-heading-title\">Un espacio de participaci\u00f3n y compromiso.<\/h3><\/div>\t\t\t\t<\/div>\n\t\t\t\t<div class=\"elementor-element elementor-element-26aeeba elementor-widget elementor-widget-text-editor\" data-id=\"26aeeba\" data-element_type=\"widget\" data-widget_type=\"text-editor.default\">\n\t\t\t\t\t\t\t\t\t<p>El Consejo Escolar es el \u00f3rgano de participaci\u00f3n en el control y gesti\u00f3n del centro de los distintos sectores que constituyen la comunidad educativa y est\u00e1 compuesto por los siguientes\u00a0<strong>miembros<\/strong>:\u00a0<\/p>\t\t\t\t\t\t\t\t<\/div>\n\t\t\t\t<div class=\"elementor-element elementor-element-400fa07d bottom-border elementor-widget elementor-widget-n-accordion\" data-id=\"400fa07d\" data-element_type=\"widget\" data-settings=\"{&quot;default_state&quot;:&quot;expanded&quot;,&quot;max_items_expended&quot;:&quot;one&quot;,&quot;n_accordion_animation_duration&quot;:{&quot;unit&quot;:&quot;ms&quot;,&quot;size&quot;:400,&quot;sizes&quot;:[]}}\" data-widget_type=\"nested-accordion.default\">\n\t\t\t\t\t\t\t<div class=\"e-n-accordion\" aria-label=\"Accordion. Open links with Enter or Space, close with Escape, and navigate with Arrow Keys\">\n\t\t\t\t\t\t<details id=\"e-n-accordion-item-1070\" class=\"e-n-accordion-item\" open>\n\t\t\t\t<summary class=\"e-n-accordion-item-title\" data-accordion-index=\"1\" tabindex=\"0\" aria-expanded=\"true\" aria-controls=\"e-n-accordion-item-1070\" >\n\t\t\t\t\t<span class='e-n-accordion-item-title-header'><div class=\"e-n-accordion-item-title-text\"> Miembros <\/div><\/span>\n\t\t\t\t\t\t\t<span class='e-n-accordion-item-title-icon'>\n\t\t\t<span class='e-opened' ><i aria-hidden=\"true\" class=\"  a-icon-minus\"><\/i><\/span>\n\t\t\t<span class='e-closed'><i aria-hidden=\"true\" class=\"  a-icon-plus\"><\/i><\/span>\n\t\t<\/span>\n\n\t\t\t\t\t\t<\/summary>\n\t\t\t\t\t\t\t<div class=\" elementor-element elementor-element-31b99ea6 e-con-full e-flex e-con e-child\" role=\"region\" aria-labelledby=\"e-n-accordion-item-1070\" data-id=\"31b99ea6\" data-element_type=\"container\">\r\n\t\t\t\t\t<div class=\"elementor-element elementor-element-63550a13 elementor-widget elementor-widget-heading\" data-id=\"63550a13\" data-element_type=\"widget\" data-widget_type=\"heading.default\">\n\t\t\t\t\t<p class=\"elementor-heading-title elementor-size-default\">- El Director del centro, que ser\u00e1 su Presidente.<br>\n\n- El Jefe de Estudios.<br>\n- Un concejal o representante del Ayuntamiento en cuyo t\u00e9rmino municipal se halle radicado el centro.<br>\n- Un n\u00famero de profesores, elegidos por el Claustro, que no podr\u00e1 ser inferior a un tercio del total de los componentes del Consejo.<br>\n- Un n\u00famero de padres y de alumnos, elegidos respectivamente por y entre ellos, que no podr\u00e1 ser inferior a un tercio del total de los componentes del Consejo.<br>\n- Un representante del personal de administraci\u00f3n y servicios del centro.<br>\n- El Secretario del centro, que actuar\u00e1 como secretario del Consejo, con voz y sin voto.<br><\/p>\t\t\t\t<\/div>\n\t\t\r\n\t\t\t<\/div>\r\n\t\t\t\t\t\t<\/details>\n\t\t\t\t\t<\/div>\n\t\t\t\t\t\t<\/div>\n\t\t\t\t<div class=\"elementor-element elementor-element-861fb59 elementor-widget elementor-widget-text-editor\" data-id=\"861fb59\" data-element_type=\"widget\" data-widget_type=\"text-editor.default\">\n\t\t\t\t\t\t\t\t\t<p>El Consejo Escolar del centro tendr\u00e1 las siguientes\u00a0<strong>atribuciones<\/strong>:<\/p>\t\t\t\t\t\t\t\t<\/div>\n\t\t\t\t<div class=\"elementor-element elementor-element-4b11b03 bottom-border elementor-widget elementor-widget-n-accordion\" data-id=\"4b11b03\" data-element_type=\"widget\" data-settings=\"{&quot;default_state&quot;:&quot;all_collapsed&quot;,&quot;max_items_expended&quot;:&quot;one&quot;,&quot;n_accordion_animation_duration&quot;:{&quot;unit&quot;:&quot;ms&quot;,&quot;size&quot;:400,&quot;sizes&quot;:[]}}\" data-widget_type=\"nested-accordion.default\">\n\t\t\t\t\t\t\t<div class=\"e-n-accordion\" aria-label=\"Accordion. Open links with Enter or Space, close with Escape, and navigate with Arrow Keys\">\n\t\t\t\t\t\t<details id=\"e-n-accordion-item-7870\" class=\"e-n-accordion-item\" >\n\t\t\t\t<summary class=\"e-n-accordion-item-title\" data-accordion-index=\"1\" tabindex=\"0\" aria-expanded=\"false\" aria-controls=\"e-n-accordion-item-7870\" >\n\t\t\t\t\t<span class='e-n-accordion-item-title-header'><div class=\"e-n-accordion-item-title-text\"> Atribuciones <\/div><\/span>\n\t\t\t\t\t\t\t<span class='e-n-accordion-item-title-icon'>\n\t\t\t<span class='e-opened' ><i aria-hidden=\"true\" class=\"  a-icon-minus\"><\/i><\/span>\n\t\t\t<span class='e-closed'><i aria-hidden=\"true\" class=\"  a-icon-plus\"><\/i><\/span>\n\t\t<\/span>\n\n\t\t\t\t\t\t<\/summary>\n\t\t\t\t\t\t\t<div class=\" elementor-element elementor-element-21c4934 e-con-full e-flex e-con e-child\" role=\"region\" aria-labelledby=\"e-n-accordion-item-7870\" data-id=\"21c4934\" data-element_type=\"container\">\r\n\t\t\t\t\t<div class=\"elementor-element elementor-element-a52e4f9 elementor-widget elementor-widget-heading\" data-id=\"a52e4f9\" data-element_type=\"widget\" data-widget_type=\"heading.default\">\n\t\t\t\t\t<p class=\"elementor-heading-title elementor-size-default\">- Formular propuestas al equipo directivo sobre la programaci\u00f3n anual del centro y aprobar el proyecto educativo, sin perjuicio de las competencias del Claustro de profesores, en relaci\u00f3n con la planificaci\u00f3n y organizaci\u00f3n docente. <br>\n- Elaborar informes, a petici\u00f3n de la Administraci\u00f3n competente, sobre el funcionamiento del centro y sobre aquellos otros aspectos relacionados con la actividad del mismo.<br>\n- Participar en el proceso de admisi\u00f3n de alumnos y velar para que se realice con sujeci\u00f3n a lo establecido en esta Ley y disposiciones que la desarrollen.<br>\n- Aprobar el reglamento de r\u00e9gimen interior del centro.<br>\n-Conocer la resoluci\u00f3n de conflictos disciplinarios y la imposici\u00f3n de sanciones y velar por que \u00e9stas se atengan a la normativa vigente.<br>\n- Aprobar el proyecto de presupuesto del centro y su liquidaci\u00f3n. <br>\n- Promover la conservaci\u00f3n y renovaci\u00f3n de las instalaciones y equipo escolar.<br>\n- Proponer las directrices para la colaboraci\u00f3n, con fines educativos y culturales, con otros centros, entidades y organismos. <br>\n- Analizar y valorar el funcionamiento general del centro, la evoluci\u00f3n del rendimiento escolar y los resultados de la evaluaci\u00f3n que del centro realice la Administraci\u00f3n educativa. <br>\n- Ser informado de la propuesta a la Administraci\u00f3n educativa del nombramiento y cese de los miembros del equipo directivo. <br>\n- Proponer medidas e iniciativas que favorezcan la convivencia en el centro.<br>\n- Cualesquiera otras que le sean atribuidas por la Administraci\u00f3n educativa.<\/p>\t\t\t\t<\/div>\n\t\t\r\n\t\t\t<\/div>\r\n\t\t\t\t\t\t<\/details>\n\t\t\t\t\t<\/div>\n\t\t\t\t\t\t<\/div>\n\t\t\t\t<div class=\"elementor-element elementor-element-f4ac2f5 elementor-widget elementor-widget-text-editor\" data-id=\"f4ac2f5\" data-element_type=\"widget\" data-widget_type=\"text-editor.default\">\n\t\t\t\t\t\t\t\t\t<p>Si necesitas ma informaci\u00f3n sobre el Consejo Escolar no dudes en contactarnos:<\/p>\t\t\t\t\t\t\t\t<\/div>\n\t\t\t\t<div class=\"elementor-element elementor-element-3fb971ef elementor-invisible elementor-widget elementor-widget-udesign_widget_button\" data-id=\"3fb971ef\" data-element_type=\"widget\" data-settings=\"{&quot;_animation_delay&quot;:600,&quot;_animation&quot;:&quot;fadeInUpShorter&quot;}\" data-widget_type=\"udesign_widget_button.default\">\n\t\t\t\t\t<a class=\"btn btn-md btn-rounded btn-primary btn-icon btn-icon-right\" href=\"#\" ><span >Cont\u00e1ctanos<\/span><i class=\"  a-icon-long-arrow-right\"><\/i><\/a>\t\t\t\t<\/div>\n\t\t\r\n\t\t\t<\/div>\r\n\t\t\t\t\t\t\t<\/div>\r\n\t\t\t\t\r\n\t\t\t<\/div>\r\n\t\t\t\t\t<\/div>\n\t\t","protected":false},"excerpt":{"rendered":"<p>Decidimos juntos Un espacio de participaci\u00f3n y compromiso. El Consejo Escolar es el \u00f3rgano de participaci\u00f3n en el control y gesti\u00f3n del centro de los distintos sectores que constituyen la comunidad educativa y est\u00e1 compuesto por los siguientes\u00a0miembros:\u00a0 Miembros &#8211; El Director del centro, que ser\u00e1 su Presidente. &#8211; El Jefe de Estudios. &#8211; Un [&hellip;]<\/p>\n","protected":false},"author":2,"featured_media":0,"parent":0,"menu_order":0,"comment_status":"closed","ping_status":"closed","template":"","meta":{"footnotes":""},"class_list":["post-21621","page","type-page","status-publish","hentry"],"yoast_head":"<!-- This site is optimized with the Yoast SEO plugin v26.5 - https:\/\/yoast.com\/wordpress\/plugins\/seo\/ -->\n<title>Consejo escolar - Colegio Misioneras de la Providencia Talavera de la Reina<\/title>\n<meta name=\"robots\" content=\"noindex, follow, max-snippet:-1, max-image-preview:large, max-video-preview:-1\" \/>\n<meta property=\"og:locale\" content=\"es_ES\" \/>\n<meta property=\"og:type\" content=\"article\" \/>\n<meta property=\"og:title\" content=\"Consejo escolar - Colegio Misioneras de la Providencia Talavera de la Reina\" \/>\n<meta property=\"og:description\" content=\"Decidimos juntos Un espacio de participaci\u00f3n y compromiso. El Consejo Escolar es el \u00f3rgano de participaci\u00f3n en el control y gesti\u00f3n del centro de los distintos sectores que constituyen la comunidad educativa y est\u00e1 compuesto por los siguientes\u00a0miembros:\u00a0 Miembros &#8211; El Director del centro, que ser\u00e1 su Presidente. &#8211; El Jefe de Estudios. &#8211; Un [&hellip;]\" \/>\n<meta property=\"og:url\" content=\"https:\/\/buenartevisual.com\/colegiotalavera\/consejo-escolar\/\" \/>\n<meta property=\"og:site_name\" content=\"Colegio Misioneras de la Providencia Talavera de la Reina\" \/>\n<meta property=\"article:modified_time\" content=\"2025-09-24T10:40:16+00:00\" \/>\n<meta property=\"og:image\" content=\"https:\/\/buenartevisual.com\/colegiotalavera\/wp-content\/uploads\/2025\/09\/ampa.jpg\" \/>\n\t<meta property=\"og:image:width\" content=\"1000\" \/>\n\t<meta property=\"og:image:height\" content=\"1000\" \/>\n\t<meta property=\"og:image:type\" content=\"image\/jpeg\" \/>\n<meta name=\"twitter:card\" content=\"summary_large_image\" \/>\n<meta name=\"twitter:label1\" content=\"Tiempo de lectura\" \/>\n\t<meta name=\"twitter:data1\" content=\"4 minutos\" \/>\n<script type=\"application\/ld+json\" class=\"yoast-schema-graph\">{\"@context\":\"https:\/\/schema.org\",\"@graph\":[{\"@type\":\"WebPage\",\"@id\":\"https:\/\/buenartevisual.com\/colegiotalavera\/consejo-escolar\/\",\"url\":\"https:\/\/buenartevisual.com\/colegiotalavera\/consejo-escolar\/\",\"name\":\"Consejo escolar - Colegio Misioneras de la Providencia Talavera de la Reina\",\"isPartOf\":{\"@id\":\"https:\/\/buenartevisual.com\/colegiotalavera\/#website\"},\"primaryImageOfPage\":{\"@id\":\"https:\/\/buenartevisual.com\/colegiotalavera\/consejo-escolar\/#primaryimage\"},\"image\":{\"@id\":\"https:\/\/buenartevisual.com\/colegiotalavera\/consejo-escolar\/#primaryimage\"},\"thumbnailUrl\":\"https:\/\/buenartevisual.com\/colegiotalavera\/wp-content\/uploads\/2025\/09\/ampa.jpg\",\"datePublished\":\"2025-09-24T10:13:12+00:00\",\"dateModified\":\"2025-09-24T10:40:16+00:00\",\"breadcrumb\":{\"@id\":\"https:\/\/buenartevisual.com\/colegiotalavera\/consejo-escolar\/#breadcrumb\"},\"inLanguage\":\"es\",\"potentialAction\":[{\"@type\":\"ReadAction\",\"target\":[\"https:\/\/buenartevisual.com\/colegiotalavera\/consejo-escolar\/\"]}]},{\"@type\":\"ImageObject\",\"inLanguage\":\"es\",\"@id\":\"https:\/\/buenartevisual.com\/colegiotalavera\/consejo-escolar\/#primaryimage\",\"url\":\"https:\/\/buenartevisual.com\/colegiotalavera\/wp-content\/uploads\/2025\/09\/ampa.jpg\",\"contentUrl\":\"https:\/\/buenartevisual.com\/colegiotalavera\/wp-content\/uploads\/2025\/09\/ampa.jpg\",\"width\":1000,\"height\":1000},{\"@type\":\"BreadcrumbList\",\"@id\":\"https:\/\/buenartevisual.com\/colegiotalavera\/consejo-escolar\/#breadcrumb\",\"itemListElement\":[{\"@type\":\"ListItem\",\"position\":1,\"name\":\"Portada\",\"item\":\"https:\/\/buenartevisual.com\/colegiotalavera\/\"},{\"@type\":\"ListItem\",\"position\":2,\"name\":\"Consejo escolar\"}]},{\"@type\":\"WebSite\",\"@id\":\"https:\/\/buenartevisual.com\/colegiotalavera\/#website\",\"url\":\"https:\/\/buenartevisual.com\/colegiotalavera\/\",\"name\":\"Colegio Misioneras de la Providencia Talavera de la Reina\",\"description\":\"Web del colegio Misioneras de la Providencia de Talavera de la Reina\",\"publisher\":{\"@id\":\"https:\/\/buenartevisual.com\/colegiotalavera\/#organization\"},\"potentialAction\":[{\"@type\":\"SearchAction\",\"target\":{\"@type\":\"EntryPoint\",\"urlTemplate\":\"https:\/\/buenartevisual.com\/colegiotalavera\/?s={search_term_string}\"},\"query-input\":{\"@type\":\"PropertyValueSpecification\",\"valueRequired\":true,\"valueName\":\"search_term_string\"}}],\"inLanguage\":\"es\"},{\"@type\":\"Organization\",\"@id\":\"https:\/\/buenartevisual.com\/colegiotalavera\/#organization\",\"name\":\"Colegio Misioneras de la Providencia Talavera de la Reina\",\"url\":\"https:\/\/buenartevisual.com\/colegiotalavera\/\",\"logo\":{\"@type\":\"ImageObject\",\"inLanguage\":\"es\",\"@id\":\"https:\/\/buenartevisual.com\/colegiotalavera\/#\/schema\/logo\/image\/\",\"url\":\"https:\/\/buenartevisual.com\/colegiotalavera\/wp-content\/uploads\/2025\/10\/logo-misioneras-talavera.png\",\"contentUrl\":\"https:\/\/buenartevisual.com\/colegiotalavera\/wp-content\/uploads\/2025\/10\/logo-misioneras-talavera.png\",\"width\":447,\"height\":142,\"caption\":\"Colegio Misioneras de la Providencia Talavera de la Reina\"},\"image\":{\"@id\":\"https:\/\/buenartevisual.com\/colegiotalavera\/#\/schema\/logo\/image\/\"}}]}<\/script>\n<!-- \/ Yoast SEO plugin. -->","yoast_head_json":{"title":"Consejo escolar - Colegio Misioneras de la Providencia Talavera de la Reina","robots":{"index":"noindex","follow":"follow","max-snippet":"max-snippet:-1","max-image-preview":"max-image-preview:large","max-video-preview":"max-video-preview:-1"},"og_locale":"es_ES","og_type":"article","og_title":"Consejo escolar - Colegio Misioneras de la Providencia Talavera de la Reina","og_description":"Decidimos juntos Un espacio de participaci\u00f3n y compromiso. El Consejo Escolar es el \u00f3rgano de participaci\u00f3n en el control y gesti\u00f3n del centro de los distintos sectores que constituyen la comunidad educativa y est\u00e1 compuesto por los siguientes\u00a0miembros:\u00a0 Miembros &#8211; El Director del centro, que ser\u00e1 su Presidente. &#8211; El Jefe de Estudios. &#8211; Un [&hellip;]","og_url":"https:\/\/buenartevisual.com\/colegiotalavera\/consejo-escolar\/","og_site_name":"Colegio Misioneras de la Providencia Talavera de la Reina","article_modified_time":"2025-09-24T10:40:16+00:00","og_image":[{"width":1000,"height":1000,"url":"https:\/\/buenartevisual.com\/colegiotalavera\/wp-content\/uploads\/2025\/09\/ampa.jpg","type":"image\/jpeg"}],"twitter_card":"summary_large_image","twitter_misc":{"Tiempo de lectura":"4 minutos"},"schema":{"@context":"https:\/\/schema.org","@graph":[{"@type":"WebPage","@id":"https:\/\/buenartevisual.com\/colegiotalavera\/consejo-escolar\/","url":"https:\/\/buenartevisual.com\/colegiotalavera\/consejo-escolar\/","name":"Consejo escolar - Colegio Misioneras de la Providencia Talavera de la Reina","isPartOf":{"@id":"https:\/\/buenartevisual.com\/colegiotalavera\/#website"},"primaryImageOfPage":{"@id":"https:\/\/buenartevisual.com\/colegiotalavera\/consejo-escolar\/#primaryimage"},"image":{"@id":"https:\/\/buenartevisual.com\/colegiotalavera\/consejo-escolar\/#primaryimage"},"thumbnailUrl":"https:\/\/buenartevisual.com\/colegiotalavera\/wp-content\/uploads\/2025\/09\/ampa.jpg","datePublished":"2025-09-24T10:13:12+00:00","dateModified":"2025-09-24T10:40:16+00:00","breadcrumb":{"@id":"https:\/\/buenartevisual.com\/colegiotalavera\/consejo-escolar\/#breadcrumb"},"inLanguage":"es","potentialAction":[{"@type":"ReadAction","target":["https:\/\/buenartevisual.com\/colegiotalavera\/consejo-escolar\/"]}]},{"@type":"ImageObject","inLanguage":"es","@id":"https:\/\/buenartevisual.com\/colegiotalavera\/consejo-escolar\/#primaryimage","url":"https:\/\/buenartevisual.com\/colegiotalavera\/wp-content\/uploads\/2025\/09\/ampa.jpg","contentUrl":"https:\/\/buenartevisual.com\/colegiotalavera\/wp-content\/uploads\/2025\/09\/ampa.jpg","width":1000,"height":1000},{"@type":"BreadcrumbList","@id":"https:\/\/buenartevisual.com\/colegiotalavera\/consejo-escolar\/#breadcrumb","itemListElement":[{"@type":"ListItem","position":1,"name":"Portada","item":"https:\/\/buenartevisual.com\/colegiotalavera\/"},{"@type":"ListItem","position":2,"name":"Consejo escolar"}]},{"@type":"WebSite","@id":"https:\/\/buenartevisual.com\/colegiotalavera\/#website","url":"https:\/\/buenartevisual.com\/colegiotalavera\/","name":"Colegio Misioneras de la Providencia Talavera de la Reina","description":"Web del colegio Misioneras de la Providencia de Talavera de la Reina","publisher":{"@id":"https:\/\/buenartevisual.com\/colegiotalavera\/#organization"},"potentialAction":[{"@type":"SearchAction","target":{"@type":"EntryPoint","urlTemplate":"https:\/\/buenartevisual.com\/colegiotalavera\/?s={search_term_string}"},"query-input":{"@type":"PropertyValueSpecification","valueRequired":true,"valueName":"search_term_string"}}],"inLanguage":"es"},{"@type":"Organization","@id":"https:\/\/buenartevisual.com\/colegiotalavera\/#organization","name":"Colegio Misioneras de la Providencia Talavera de la Reina","url":"https:\/\/buenartevisual.com\/colegiotalavera\/","logo":{"@type":"ImageObject","inLanguage":"es","@id":"https:\/\/buenartevisual.com\/colegiotalavera\/#\/schema\/logo\/image\/","url":"https:\/\/buenartevisual.com\/colegiotalavera\/wp-content\/uploads\/2025\/10\/logo-misioneras-talavera.png","contentUrl":"https:\/\/buenartevisual.com\/colegiotalavera\/wp-content\/uploads\/2025\/10\/logo-misioneras-talavera.png","width":447,"height":142,"caption":"Colegio Misioneras de la Providencia Talavera de la Reina"},"image":{"@id":"https:\/\/buenartevisual.com\/colegiotalavera\/#\/schema\/logo\/image\/"}}]}},"_links":{"self":[{"href":"https:\/\/buenartevisual.com\/colegiotalavera\/wp-json\/wp\/v2\/pages\/21621","targetHints":{"allow":["GET"]}}],"collection":[{"href":"https:\/\/buenartevisual.com\/colegiotalavera\/wp-json\/wp\/v2\/pages"}],"about":[{"href":"https:\/\/buenartevisual.com\/colegiotalavera\/wp-json\/wp\/v2\/types\/page"}],"author":[{"embeddable":true,"href":"https:\/\/buenartevisual.com\/colegiotalavera\/wp-json\/wp\/v2\/users\/2"}],"replies":[{"embeddable":true,"href":"https:\/\/buenartevisual.com\/colegiotalavera\/wp-json\/wp\/v2\/comments?post=21621"}],"version-history":[{"count":7,"href":"https:\/\/buenartevisual.com\/colegiotalavera\/wp-json\/wp\/v2\/pages\/21621\/revisions"}],"predecessor-version":[{"id":21629,"href":"https:\/\/buenartevisual.com\/colegiotalavera\/wp-json\/wp\/v2\/pages\/21621\/revisions\/21629"}],"wp:attachment":[{"href":"https:\/\/buenartevisual.com\/colegiotalavera\/wp-json\/wp\/v2\/media?parent=21621"}],"curies":[{"name":"wp","href":"https:\/\/api.w.org\/{rel}","templated":true}]}}