{"id":21547,"date":"2025-09-19T11:29:06","date_gmt":"2025-09-19T09:29:06","guid":{"rendered":"https:\/\/buenartevisual.com\/colegiotalavera\/?page_id=21547"},"modified":"2025-09-24T10:32:49","modified_gmt":"2025-09-24T08:32:49","slug":"programa-releo","status":"publish","type":"page","link":"https:\/\/buenartevisual.com\/colegiotalavera\/programa-releo\/","title":{"rendered":"Programa Releo"},"content":{"rendered":"\t\t<div data-elementor-type=\"wp-page\" data-elementor-id=\"21547\" class=\"elementor elementor-21547\">\n\t\t\t\t\t\t\t<div class=\" elementor-element elementor-element-4d2520f e-flex e-con-boxed e-con e-parent\" data-id=\"4d2520f\" data-element_type=\"container\">\r\n\t\t\t\t\t\t\t<div class=\"e-con-inner\">\r\n\t\t\t\t\t\t\t<div class=\" elementor-element elementor-element-14daf5a e-con-full e-flex e-con e-child\" data-id=\"14daf5a\" data-element_type=\"container\">\r\n\t\t\t\t\t<div data-plugin=\"floating\" data-options=\"{&quot;invertX&quot;:false,&quot;invertY&quot;:false}\" data-floating-depth=\"0.1\" class=\"elementor-element elementor-element-c73659d elementor-invisible elementor-widget elementor-widget-image\" data-id=\"c73659d\" data-element_type=\"widget\" data-settings=\"{&quot;_animation&quot;:&quot;zoomIn&quot;,&quot;_animation_delay&quot;:200}\" data-widget_type=\"image.default\">\n\t\t\t\t\t\t\t\t\t\t\t\t\t\t\t<img fetchpriority=\"high\" decoding=\"async\" width=\"1152\" height=\"768\" src=\"https:\/\/buenartevisual.com\/colegiotalavera\/wp-content\/uploads\/2025\/09\/libros-texto.jpg\" class=\"attachment-full size-full wp-image-21558\" alt=\"\" srcset=\"https:\/\/buenartevisual.com\/colegiotalavera\/wp-content\/uploads\/2025\/09\/libros-texto.jpg 1152w, https:\/\/buenartevisual.com\/colegiotalavera\/wp-content\/uploads\/2025\/09\/libros-texto-1024x683.jpg 1024w, https:\/\/buenartevisual.com\/colegiotalavera\/wp-content\/uploads\/2025\/09\/libros-texto-768x512.jpg 768w\" sizes=\"(max-width: 1152px) 100vw, 1152px\" \/>\t\t\t\t\t\t\t\t\t\t\t\t\t\t\t<\/div>\n\t\t\t\t<div class=\"elementor-element elementor-element-fff2958 elementor-invisible elementor-widget elementor-widget-udesign_widget_heading\" data-id=\"fff2958\" data-element_type=\"widget\" data-settings=\"{&quot;_animation&quot;:&quot;fadeInUpShorter&quot;,&quot;_animation_delay&quot;:400}\" data-widget_type=\"udesign_widget_heading.default\">\n\t\t\t\t\t<div class=\"title-wrapper  title-left\"><h3 class=\"title elementor-heading-title\">Educando en el cuidado y <br>la solidaridad<\/h3><\/div>\t\t\t\t<\/div>\n\t\t\t\t<div class=\"elementor-element elementor-element-3b4f520 elementor-invisible elementor-widget elementor-widget-udesign_widget_heading\" data-id=\"3b4f520\" data-element_type=\"widget\" data-settings=\"{&quot;_animation&quot;:&quot;fadeInUpShorter&quot;,&quot;_animation_delay&quot;:600}\" data-widget_type=\"udesign_widget_heading.default\">\n\t\t\t\t\t<div class=\"title-wrapper  title-left\"><p class=\"title elementor-heading-title\">El programa no solo busca ofrecer una ayuda econ\u00f3mica, sino tambi\u00e9n educar en la importancia del cuidado y la reutilizaci\u00f3n de los materiales escolares. De esta manera, los alumnos aprenden a valorar los recursos que se les facilitan y a ser solidarios con otros compa\u00f1eros que los utilizar\u00e1n en el futuro, reforzando as\u00ed el sentido de comunidad y responsabilidad compartida.<\/p><\/div>\t\t\t\t<\/div>\n\t\t\r\n\t\t\t<\/div>\r\n\t\t\t\t\t\t<div class=\" elementor-element elementor-element-86c6e69 e-con-full e-flex e-con e-child\" data-id=\"86c6e69\" data-element_type=\"container\">\r\n\t\t\t\t\t<div class=\"elementor-element elementor-element-559abbb elementor-widget elementor-widget-udesign_widget_heading\" data-id=\"559abbb\" data-element_type=\"widget\" data-widget_type=\"udesign_widget_heading.default\">\n\t\t\t\t\t<div class=\"title-wrapper  title-left title-md-left\"><div class=\"title elementor-heading-title\">Educaci\u00f3n para todos<\/div><\/div>\t\t\t\t<\/div>\n\t\t\t\t<div class=\"elementor-element elementor-element-7e8f66a elementor-invisible elementor-widget elementor-widget-udesign_widget_heading\" data-id=\"7e8f66a\" data-element_type=\"widget\" data-settings=\"{&quot;_animation&quot;:&quot;fadeInUpShorter&quot;,&quot;_animation_delay&quot;:400}\" data-widget_type=\"udesign_widget_heading.default\">\n\t\t\t\t\t<div class=\"title-wrapper  title-left\"><h3 class=\"title elementor-heading-title\">Un recurso solidario que facilita el acceso a los materiales escolares y fomenta la igualdad <\/h3><\/div>\t\t\t\t<\/div>\n\t\t\t\t<div class=\"elementor-element elementor-element-b4c481b elementor-invisible elementor-widget elementor-widget-udesign_widget_heading\" data-id=\"b4c481b\" data-element_type=\"widget\" data-settings=\"{&quot;_animation&quot;:&quot;fadeInUpShorter&quot;,&quot;_animation_delay&quot;:600}\" data-widget_type=\"udesign_widget_heading.default\">\n\t\t\t\t\t<div class=\"title-wrapper  title-left\"><p class=\"title elementor-heading-title\">El Programa RELEO tiene como finalidad garantizar el acceso gratuito a los libros de texto de los estudiantes de Educaci\u00f3n Primaria y Educaci\u00f3n Secundaria Obligatoria en Castilla y Le\u00f3n. Con este proyecto, la Consejer\u00eda de Educaci\u00f3n busca promover la igualdad de oportunidades, aliviar la carga econ\u00f3mica de las familias y fomentar un uso responsable y solidario de los recursos educativos.<br><br>\n\n<b>Requisitos de participaci\u00f3n:<\/b>\nPara poder ser beneficiario, la renta familiar del a\u00f1o anterior no debe superar 2,5 veces el IPREM (18.798,97 \u20ac en 2017). No obstante, cualquier alumno puede solicitar su inclusi\u00f3n en el Programa RELEO PLUS si desea acceder a los libros del banco de libros del centro, independientemente de su nivel de renta. De esta forma, el programa asegura que ning\u00fan estudiante quede excluido de la posibilidad de disponer del material escolar necesario.<br><br>\n<b>Entrega y devoluci\u00f3n de libros:<\/b>\nTodos los beneficiarios, tanto los que acceden a trav\u00e9s del programa RELEO PLUS como los que lo hacen mediante el banco de libros, tienen la obligaci\u00f3n de devolver los ejemplares subvencionados al centro al finalizar el curso escolar. Esta devoluci\u00f3n garantiza la continuidad del programa, ya que los libros pasan a formar parte del banco com\u00fan, permitiendo que otros estudiantes puedan utilizarlos en cursos posteriores. <\/p><\/div>\t\t\t\t<\/div>\n\t\t\r\n\t\t\t<\/div>\r\n\t\t\t\t\t\t\t<\/div>\r\n\t\t\t\t\r\n\t\t\t<\/div>\r\n\t\t\t\t\t\t<div class=\" elementor-element elementor-element-d4291c9 e-flex e-con-boxed e-con e-parent\" data-id=\"d4291c9\" data-element_type=\"container\">\r\n\t\t\t\t\t\t\t<div class=\"e-con-inner\">\r\n\t\t\t\t\t\t\t\t<\/div>\r\n\t\t\t\t\r\n\t\t\t<\/div>\r\n\t\t\t\t\t<\/div>\n\t\t","protected":false},"excerpt":{"rendered":"<p>Educando en el cuidado y la solidaridad El programa no solo busca ofrecer una ayuda econ\u00f3mica, sino tambi\u00e9n educar en la importancia del cuidado y la reutilizaci\u00f3n de los materiales escolares. De esta manera, los alumnos aprenden a valorar los recursos que se les facilitan y a ser solidarios con otros compa\u00f1eros que los utilizar\u00e1n [&hellip;]<\/p>\n","protected":false},"author":2,"featured_media":0,"parent":0,"menu_order":0,"comment_status":"closed","ping_status":"closed","template":"","meta":{"footnotes":""},"class_list":["post-21547","page","type-page","status-publish","hentry"],"yoast_head":"<!-- This site is optimized with the Yoast SEO plugin v26.5 - https:\/\/yoast.com\/wordpress\/plugins\/seo\/ -->\n<title>Programa Releo - Colegio Misioneras de la Providencia Talavera de la Reina<\/title>\n<meta name=\"robots\" content=\"noindex, follow, max-snippet:-1, max-image-preview:large, max-video-preview:-1\" \/>\n<meta property=\"og:locale\" content=\"es_ES\" \/>\n<meta property=\"og:type\" content=\"article\" \/>\n<meta property=\"og:title\" content=\"Programa Releo - Colegio Misioneras de la Providencia Talavera de la Reina\" \/>\n<meta property=\"og:description\" content=\"Educando en el cuidado y la solidaridad El programa no solo busca ofrecer una ayuda econ\u00f3mica, sino tambi\u00e9n educar en la importancia del cuidado y la reutilizaci\u00f3n de los materiales escolares. De esta manera, los alumnos aprenden a valorar los recursos que se les facilitan y a ser solidarios con otros compa\u00f1eros que los utilizar\u00e1n [&hellip;]\" \/>\n<meta property=\"og:url\" content=\"https:\/\/buenartevisual.com\/colegiotalavera\/programa-releo\/\" \/>\n<meta property=\"og:site_name\" content=\"Colegio Misioneras de la Providencia Talavera de la Reina\" \/>\n<meta property=\"article:modified_time\" content=\"2025-09-24T08:32:49+00:00\" \/>\n<meta property=\"og:image\" content=\"https:\/\/buenartevisual.com\/colegiotalavera\/wp-content\/uploads\/2025\/09\/libros-texto.jpg\" \/>\n\t<meta property=\"og:image:width\" content=\"1152\" \/>\n\t<meta property=\"og:image:height\" content=\"768\" \/>\n\t<meta property=\"og:image:type\" content=\"image\/jpeg\" \/>\n<meta name=\"twitter:card\" content=\"summary_large_image\" \/>\n<meta name=\"twitter:label1\" content=\"Tiempo de lectura\" \/>\n\t<meta name=\"twitter:data1\" content=\"2 minutos\" \/>\n<script type=\"application\/ld+json\" class=\"yoast-schema-graph\">{\"@context\":\"https:\/\/schema.org\",\"@graph\":[{\"@type\":\"WebPage\",\"@id\":\"https:\/\/buenartevisual.com\/colegiotalavera\/programa-releo\/\",\"url\":\"https:\/\/buenartevisual.com\/colegiotalavera\/programa-releo\/\",\"name\":\"Programa Releo - Colegio Misioneras de la Providencia Talavera de la Reina\",\"isPartOf\":{\"@id\":\"https:\/\/buenartevisual.com\/colegiotalavera\/#website\"},\"primaryImageOfPage\":{\"@id\":\"https:\/\/buenartevisual.com\/colegiotalavera\/programa-releo\/#primaryimage\"},\"image\":{\"@id\":\"https:\/\/buenartevisual.com\/colegiotalavera\/programa-releo\/#primaryimage\"},\"thumbnailUrl\":\"https:\/\/buenartevisual.com\/colegiotalavera\/wp-content\/uploads\/2025\/09\/libros-texto.jpg\",\"datePublished\":\"2025-09-19T09:29:06+00:00\",\"dateModified\":\"2025-09-24T08:32:49+00:00\",\"breadcrumb\":{\"@id\":\"https:\/\/buenartevisual.com\/colegiotalavera\/programa-releo\/#breadcrumb\"},\"inLanguage\":\"es\",\"potentialAction\":[{\"@type\":\"ReadAction\",\"target\":[\"https:\/\/buenartevisual.com\/colegiotalavera\/programa-releo\/\"]}]},{\"@type\":\"ImageObject\",\"inLanguage\":\"es\",\"@id\":\"https:\/\/buenartevisual.com\/colegiotalavera\/programa-releo\/#primaryimage\",\"url\":\"https:\/\/buenartevisual.com\/colegiotalavera\/wp-content\/uploads\/2025\/09\/libros-texto.jpg\",\"contentUrl\":\"https:\/\/buenartevisual.com\/colegiotalavera\/wp-content\/uploads\/2025\/09\/libros-texto.jpg\",\"width\":1152,\"height\":768},{\"@type\":\"BreadcrumbList\",\"@id\":\"https:\/\/buenartevisual.com\/colegiotalavera\/programa-releo\/#breadcrumb\",\"itemListElement\":[{\"@type\":\"ListItem\",\"position\":1,\"name\":\"Portada\",\"item\":\"https:\/\/buenartevisual.com\/colegiotalavera\/\"},{\"@type\":\"ListItem\",\"position\":2,\"name\":\"Programa Releo\"}]},{\"@type\":\"WebSite\",\"@id\":\"https:\/\/buenartevisual.com\/colegiotalavera\/#website\",\"url\":\"https:\/\/buenartevisual.com\/colegiotalavera\/\",\"name\":\"Colegio Misioneras de la Providencia Talavera de la Reina\",\"description\":\"Web del colegio Misioneras de la Providencia de Talavera de la Reina\",\"publisher\":{\"@id\":\"https:\/\/buenartevisual.com\/colegiotalavera\/#organization\"},\"potentialAction\":[{\"@type\":\"SearchAction\",\"target\":{\"@type\":\"EntryPoint\",\"urlTemplate\":\"https:\/\/buenartevisual.com\/colegiotalavera\/?s={search_term_string}\"},\"query-input\":{\"@type\":\"PropertyValueSpecification\",\"valueRequired\":true,\"valueName\":\"search_term_string\"}}],\"inLanguage\":\"es\"},{\"@type\":\"Organization\",\"@id\":\"https:\/\/buenartevisual.com\/colegiotalavera\/#organization\",\"name\":\"Colegio Misioneras de la Providencia Talavera de la Reina\",\"url\":\"https:\/\/buenartevisual.com\/colegiotalavera\/\",\"logo\":{\"@type\":\"ImageObject\",\"inLanguage\":\"es\",\"@id\":\"https:\/\/buenartevisual.com\/colegiotalavera\/#\/schema\/logo\/image\/\",\"url\":\"https:\/\/buenartevisual.com\/colegiotalavera\/wp-content\/uploads\/2025\/10\/logo-misioneras-talavera.png\",\"contentUrl\":\"https:\/\/buenartevisual.com\/colegiotalavera\/wp-content\/uploads\/2025\/10\/logo-misioneras-talavera.png\",\"width\":447,\"height\":142,\"caption\":\"Colegio Misioneras de la Providencia Talavera de la Reina\"},\"image\":{\"@id\":\"https:\/\/buenartevisual.com\/colegiotalavera\/#\/schema\/logo\/image\/\"}}]}<\/script>\n<!-- \/ Yoast SEO plugin. -->","yoast_head_json":{"title":"Programa Releo - Colegio Misioneras de la Providencia Talavera de la Reina","robots":{"index":"noindex","follow":"follow","max-snippet":"max-snippet:-1","max-image-preview":"max-image-preview:large","max-video-preview":"max-video-preview:-1"},"og_locale":"es_ES","og_type":"article","og_title":"Programa Releo - Colegio Misioneras de la Providencia Talavera de la Reina","og_description":"Educando en el cuidado y la solidaridad El programa no solo busca ofrecer una ayuda econ\u00f3mica, sino tambi\u00e9n educar en la importancia del cuidado y la reutilizaci\u00f3n de los materiales escolares. De esta manera, los alumnos aprenden a valorar los recursos que se les facilitan y a ser solidarios con otros compa\u00f1eros que los utilizar\u00e1n [&hellip;]","og_url":"https:\/\/buenartevisual.com\/colegiotalavera\/programa-releo\/","og_site_name":"Colegio Misioneras de la Providencia Talavera de la Reina","article_modified_time":"2025-09-24T08:32:49+00:00","og_image":[{"width":1152,"height":768,"url":"https:\/\/buenartevisual.com\/colegiotalavera\/wp-content\/uploads\/2025\/09\/libros-texto.jpg","type":"image\/jpeg"}],"twitter_card":"summary_large_image","twitter_misc":{"Tiempo de lectura":"2 minutos"},"schema":{"@context":"https:\/\/schema.org","@graph":[{"@type":"WebPage","@id":"https:\/\/buenartevisual.com\/colegiotalavera\/programa-releo\/","url":"https:\/\/buenartevisual.com\/colegiotalavera\/programa-releo\/","name":"Programa Releo - Colegio Misioneras de la Providencia Talavera de la Reina","isPartOf":{"@id":"https:\/\/buenartevisual.com\/colegiotalavera\/#website"},"primaryImageOfPage":{"@id":"https:\/\/buenartevisual.com\/colegiotalavera\/programa-releo\/#primaryimage"},"image":{"@id":"https:\/\/buenartevisual.com\/colegiotalavera\/programa-releo\/#primaryimage"},"thumbnailUrl":"https:\/\/buenartevisual.com\/colegiotalavera\/wp-content\/uploads\/2025\/09\/libros-texto.jpg","datePublished":"2025-09-19T09:29:06+00:00","dateModified":"2025-09-24T08:32:49+00:00","breadcrumb":{"@id":"https:\/\/buenartevisual.com\/colegiotalavera\/programa-releo\/#breadcrumb"},"inLanguage":"es","potentialAction":[{"@type":"ReadAction","target":["https:\/\/buenartevisual.com\/colegiotalavera\/programa-releo\/"]}]},{"@type":"ImageObject","inLanguage":"es","@id":"https:\/\/buenartevisual.com\/colegiotalavera\/programa-releo\/#primaryimage","url":"https:\/\/buenartevisual.com\/colegiotalavera\/wp-content\/uploads\/2025\/09\/libros-texto.jpg","contentUrl":"https:\/\/buenartevisual.com\/colegiotalavera\/wp-content\/uploads\/2025\/09\/libros-texto.jpg","width":1152,"height":768},{"@type":"BreadcrumbList","@id":"https:\/\/buenartevisual.com\/colegiotalavera\/programa-releo\/#breadcrumb","itemListElement":[{"@type":"ListItem","position":1,"name":"Portada","item":"https:\/\/buenartevisual.com\/colegiotalavera\/"},{"@type":"ListItem","position":2,"name":"Programa Releo"}]},{"@type":"WebSite","@id":"https:\/\/buenartevisual.com\/colegiotalavera\/#website","url":"https:\/\/buenartevisual.com\/colegiotalavera\/","name":"Colegio Misioneras de la Providencia Talavera de la Reina","description":"Web del colegio Misioneras de la Providencia de Talavera de la Reina","publisher":{"@id":"https:\/\/buenartevisual.com\/colegiotalavera\/#organization"},"potentialAction":[{"@type":"SearchAction","target":{"@type":"EntryPoint","urlTemplate":"https:\/\/buenartevisual.com\/colegiotalavera\/?s={search_term_string}"},"query-input":{"@type":"PropertyValueSpecification","valueRequired":true,"valueName":"search_term_string"}}],"inLanguage":"es"},{"@type":"Organization","@id":"https:\/\/buenartevisual.com\/colegiotalavera\/#organization","name":"Colegio Misioneras de la Providencia Talavera de la Reina","url":"https:\/\/buenartevisual.com\/colegiotalavera\/","logo":{"@type":"ImageObject","inLanguage":"es","@id":"https:\/\/buenartevisual.com\/colegiotalavera\/#\/schema\/logo\/image\/","url":"https:\/\/buenartevisual.com\/colegiotalavera\/wp-content\/uploads\/2025\/10\/logo-misioneras-talavera.png","contentUrl":"https:\/\/buenartevisual.com\/colegiotalavera\/wp-content\/uploads\/2025\/10\/logo-misioneras-talavera.png","width":447,"height":142,"caption":"Colegio Misioneras de la Providencia Talavera de la Reina"},"image":{"@id":"https:\/\/buenartevisual.com\/colegiotalavera\/#\/schema\/logo\/image\/"}}]}},"_links":{"self":[{"href":"https:\/\/buenartevisual.com\/colegiotalavera\/wp-json\/wp\/v2\/pages\/21547","targetHints":{"allow":["GET"]}}],"collection":[{"href":"https:\/\/buenartevisual.com\/colegiotalavera\/wp-json\/wp\/v2\/pages"}],"about":[{"href":"https:\/\/buenartevisual.com\/colegiotalavera\/wp-json\/wp\/v2\/types\/page"}],"author":[{"embeddable":true,"href":"https:\/\/buenartevisual.com\/colegiotalavera\/wp-json\/wp\/v2\/users\/2"}],"replies":[{"embeddable":true,"href":"https:\/\/buenartevisual.com\/colegiotalavera\/wp-json\/wp\/v2\/comments?post=21547"}],"version-history":[{"count":13,"href":"https:\/\/buenartevisual.com\/colegiotalavera\/wp-json\/wp\/v2\/pages\/21547\/revisions"}],"predecessor-version":[{"id":21577,"href":"https:\/\/buenartevisual.com\/colegiotalavera\/wp-json\/wp\/v2\/pages\/21547\/revisions\/21577"}],"wp:attachment":[{"href":"https:\/\/buenartevisual.com\/colegiotalavera\/wp-json\/wp\/v2\/media?parent=21547"}],"curies":[{"name":"wp","href":"https:\/\/api.w.org\/{rel}","templated":true}]}}