{"id":21538,"date":"2025-09-18T12:52:42","date_gmt":"2025-09-18T10:52:42","guid":{"rendered":"https:\/\/buenartevisual.com\/colegiotalavera\/?page_id=21538"},"modified":"2025-10-22T12:10:49","modified_gmt":"2025-10-22T10:10:49","slug":"secretaria","status":"publish","type":"page","link":"https:\/\/buenartevisual.com\/colegiotalavera\/secretaria\/","title":{"rendered":"Secretaria"},"content":{"rendered":"\t\t<div data-elementor-type=\"wp-page\" data-elementor-id=\"21538\" class=\"elementor elementor-21538\">\n\t\t\t\t\t\t\t<div class=\" elementor-element elementor-element-0283062 e-flex e-con-boxed elementor-invisible e-con e-parent\" data-id=\"0283062\" data-element_type=\"container\" data-settings=\"{&quot;animation&quot;:&quot;fadeInUpShorter&quot;}\">\r\n\t\t\t\t\t\t\t<div class=\"e-con-inner\">\r\n\t\t\t\t\t\t<div class=\"elementor-element elementor-element-2e9c50e2 elementor-widget elementor-widget-udesign_widget_heading\" data-id=\"2e9c50e2\" data-element_type=\"widget\" data-widget_type=\"udesign_widget_heading.default\">\n\t\t\t\t\t<div class=\"title-wrapper  title-center\"><div class=\"title elementor-heading-title\">Primeros pasos<\/div><\/div>\t\t\t\t<\/div>\n\t\t\t\t<div class=\"elementor-element elementor-element-590e16b elementor-widget__width-initial elementor-widget-mobile__width-inherit elementor-widget elementor-widget-udesign_widget_heading\" data-id=\"590e16b\" data-element_type=\"widget\" data-widget_type=\"udesign_widget_heading.default\">\n\t\t\t\t\t<div class=\"title-wrapper  title-center\"><h2 class=\"title elementor-heading-title\">Un espacio cercano para ayudarte en tus gestiones<\/h2><\/div>\t\t\t\t<\/div>\n\t\t\t\t<div class=\"elementor-element elementor-element-7d6d711 elementor-widget elementor-widget-text-editor\" data-id=\"7d6d711\" data-element_type=\"widget\" data-widget_type=\"text-editor.default\">\n\t\t\t\t\t\t\t\t\t<p>El Servicio de Secretar\u00eda est\u00e1 a disposici\u00f3n de las familias y alumnos para atender de manera \u00e1gil y personalizada todas las gestiones administrativas del centro. Nuestro compromiso es ofrecer una atenci\u00f3n cercana, clara y eficaz, facilitando la comunicaci\u00f3n y el acompa\u00f1amiento en cada tr\u00e1mite escolar.<\/p>\t\t\t\t\t\t\t\t<\/div>\n\t\t\t\t\t\t<\/div>\r\n\t\t\t\t\r\n\t\t\t<\/div>\r\n\t\t\t\t\t\t<div class=\" elementor-element elementor-element-e87cb79 e-flex e-con-boxed elementor-invisible e-con e-parent\" data-id=\"e87cb79\" data-element_type=\"container\" data-settings=\"{&quot;animation&quot;:&quot;fadeInUpShorter&quot;}\">\r\n\t\t\t\t\t\t\t<div class=\"e-con-inner\">\r\n\t\t\t\t\t\t\t<div class=\" elementor-element elementor-element-f06ec32 e-con-full e-flex e-con e-child\" data-id=\"f06ec32\" data-element_type=\"container\">\r\n\t\t\t\t\t<div class=\"elementor-element elementor-element-57f1567 elementor-widget elementor-widget-text-editor\" data-id=\"57f1567\" data-element_type=\"widget\" data-widget_type=\"text-editor.default\">\n\t\t\t\t\t\t\t\t\t<p class=\"fusion-responsive-typography-calculated\" data-fontsize=\"24\" data-lineheight=\"28.8px\"><strong>HORARIO ESCOLAR<\/strong><\/p><p><strong>\u2013 Educaci\u00f3n Infantil y Primaria<\/strong><br \/>De 9:00 h a 14:00 h\u00a0<br \/>Actividades extraescolares: de 16:00 h a 18:00 h<br \/><strong>\u2013 Educaci\u00f3n Secundaria<\/strong><br \/>De 8:15 h a 14:15 h\u00a0<\/p>\t\t\t\t\t\t\t\t<\/div>\n\t\t\r\n\t\t\t<\/div>\r\n\t\t\t\t\t\t<div class=\" elementor-element elementor-element-ce9105a e-con-full e-flex e-con e-child\" data-id=\"ce9105a\" data-element_type=\"container\">\r\n\t\t\t\t\t<div class=\"elementor-element elementor-element-cd631f7 elementor-widget elementor-widget-text-editor\" data-id=\"cd631f7\" data-element_type=\"widget\" data-widget_type=\"text-editor.default\">\n\t\t\t\t\t\t\t\t\t<p class=\"fusion-responsive-typography-calculated\" data-fontsize=\"24\" data-lineheight=\"28.8px\"><strong>HORARIO DE VISITA PARA TUTORES<\/strong><\/p><p><strong>&#8211; Infantil, Primaria y Secundaria<\/strong><br \/>Martes, de 18:00 h a 19:00 h\u00a0<br \/>(Es necesario solicitar cita previa)<\/p><h5 class=\"fusion-responsive-typography-calculated\" data-fontsize=\"24\" data-lineheight=\"28.8px\">\u00a0<\/h5>\t\t\t\t\t\t\t\t<\/div>\n\t\t\r\n\t\t\t<\/div>\r\n\t\t\t\t\t\t<div class=\" elementor-element elementor-element-3136441 e-con-full e-flex e-con e-child\" data-id=\"3136441\" data-element_type=\"container\">\r\n\t\t\t\t\t<div class=\"elementor-element elementor-element-ac733c1 elementor-widget elementor-widget-text-editor\" data-id=\"ac733c1\" data-element_type=\"widget\" data-widget_type=\"text-editor.default\">\n\t\t\t\t\t\t\t\t\t<p class=\"fusion-responsive-typography-calculated\" data-fontsize=\"24\" data-lineheight=\"28.8px\"><strong>HORARIO DE SECRETAR\u00cdA Y DIRECCI\u00d3N<\/strong><\/p><p>\u2013 Ma\u00f1anas: Todos los d\u00edas, de 12:00 h a 13:00 h<br \/>\u2013 Tardes: Lunes, mi\u00e9rcoles, jueves y viernes, de 16:15 h a 18:30 h<\/p><h5 class=\"fusion-responsive-typography-calculated\" data-fontsize=\"24\" data-lineheight=\"28.8px\">\u00a0<\/h5>\t\t\t\t\t\t\t\t<\/div>\n\t\t\r\n\t\t\t<\/div>\r\n\t\t\t\t\t\t\t<\/div>\r\n\t\t\t\t\r\n\t\t\t<\/div>\r\n\t\t\t\t\t<\/div>\n\t\t","protected":false},"excerpt":{"rendered":"<p>Primeros pasos Un espacio cercano para ayudarte en tus gestiones El Servicio de Secretar\u00eda est\u00e1 a disposici\u00f3n de las familias y alumnos para atender de manera \u00e1gil y personalizada todas las gestiones administrativas del centro. Nuestro compromiso es ofrecer una atenci\u00f3n cercana, clara y eficaz, facilitando la comunicaci\u00f3n y el acompa\u00f1amiento en cada tr\u00e1mite escolar. [&hellip;]<\/p>\n","protected":false},"author":2,"featured_media":0,"parent":0,"menu_order":0,"comment_status":"closed","ping_status":"closed","template":"","meta":{"footnotes":""},"class_list":["post-21538","page","type-page","status-publish","hentry"],"yoast_head":"<!-- This site is optimized with the Yoast SEO plugin v26.5 - https:\/\/yoast.com\/wordpress\/plugins\/seo\/ -->\n<title>Secretaria - Colegio Misioneras de la Providencia Talavera de la Reina<\/title>\n<meta name=\"robots\" content=\"noindex, follow, max-snippet:-1, max-image-preview:large, max-video-preview:-1\" \/>\n<meta property=\"og:locale\" content=\"es_ES\" \/>\n<meta property=\"og:type\" content=\"article\" \/>\n<meta property=\"og:title\" content=\"Secretaria - Colegio Misioneras de la Providencia Talavera de la Reina\" \/>\n<meta property=\"og:description\" content=\"Primeros pasos Un espacio cercano para ayudarte en tus gestiones El Servicio de Secretar\u00eda est\u00e1 a disposici\u00f3n de las familias y alumnos para atender de manera \u00e1gil y personalizada todas las gestiones administrativas del centro. Nuestro compromiso es ofrecer una atenci\u00f3n cercana, clara y eficaz, facilitando la comunicaci\u00f3n y el acompa\u00f1amiento en cada tr\u00e1mite escolar. [&hellip;]\" \/>\n<meta property=\"og:url\" content=\"https:\/\/buenartevisual.com\/colegiotalavera\/secretaria\/\" \/>\n<meta property=\"og:site_name\" content=\"Colegio Misioneras de la Providencia Talavera de la Reina\" \/>\n<meta property=\"article:modified_time\" content=\"2025-10-22T10:10:49+00:00\" \/>\n<meta name=\"twitter:card\" content=\"summary_large_image\" \/>\n<meta name=\"twitter:label1\" content=\"Tiempo de lectura\" \/>\n\t<meta name=\"twitter:data1\" content=\"1 minuto\" \/>\n<script type=\"application\/ld+json\" class=\"yoast-schema-graph\">{\"@context\":\"https:\/\/schema.org\",\"@graph\":[{\"@type\":\"WebPage\",\"@id\":\"https:\/\/buenartevisual.com\/colegiotalavera\/secretaria\/\",\"url\":\"https:\/\/buenartevisual.com\/colegiotalavera\/secretaria\/\",\"name\":\"Secretaria - Colegio Misioneras de la Providencia Talavera de la Reina\",\"isPartOf\":{\"@id\":\"https:\/\/buenartevisual.com\/colegiotalavera\/#website\"},\"datePublished\":\"2025-09-18T10:52:42+00:00\",\"dateModified\":\"2025-10-22T10:10:49+00:00\",\"breadcrumb\":{\"@id\":\"https:\/\/buenartevisual.com\/colegiotalavera\/secretaria\/#breadcrumb\"},\"inLanguage\":\"es\",\"potentialAction\":[{\"@type\":\"ReadAction\",\"target\":[\"https:\/\/buenartevisual.com\/colegiotalavera\/secretaria\/\"]}]},{\"@type\":\"BreadcrumbList\",\"@id\":\"https:\/\/buenartevisual.com\/colegiotalavera\/secretaria\/#breadcrumb\",\"itemListElement\":[{\"@type\":\"ListItem\",\"position\":1,\"name\":\"Portada\",\"item\":\"https:\/\/buenartevisual.com\/colegiotalavera\/\"},{\"@type\":\"ListItem\",\"position\":2,\"name\":\"Secretaria\"}]},{\"@type\":\"WebSite\",\"@id\":\"https:\/\/buenartevisual.com\/colegiotalavera\/#website\",\"url\":\"https:\/\/buenartevisual.com\/colegiotalavera\/\",\"name\":\"Colegio Misioneras de la Providencia Talavera de la Reina\",\"description\":\"Web del colegio Misioneras de la Providencia de Talavera de la Reina\",\"publisher\":{\"@id\":\"https:\/\/buenartevisual.com\/colegiotalavera\/#organization\"},\"potentialAction\":[{\"@type\":\"SearchAction\",\"target\":{\"@type\":\"EntryPoint\",\"urlTemplate\":\"https:\/\/buenartevisual.com\/colegiotalavera\/?s={search_term_string}\"},\"query-input\":{\"@type\":\"PropertyValueSpecification\",\"valueRequired\":true,\"valueName\":\"search_term_string\"}}],\"inLanguage\":\"es\"},{\"@type\":\"Organization\",\"@id\":\"https:\/\/buenartevisual.com\/colegiotalavera\/#organization\",\"name\":\"Colegio Misioneras de la Providencia Talavera de la Reina\",\"url\":\"https:\/\/buenartevisual.com\/colegiotalavera\/\",\"logo\":{\"@type\":\"ImageObject\",\"inLanguage\":\"es\",\"@id\":\"https:\/\/buenartevisual.com\/colegiotalavera\/#\/schema\/logo\/image\/\",\"url\":\"https:\/\/buenartevisual.com\/colegiotalavera\/wp-content\/uploads\/2025\/10\/logo-misioneras-talavera.png\",\"contentUrl\":\"https:\/\/buenartevisual.com\/colegiotalavera\/wp-content\/uploads\/2025\/10\/logo-misioneras-talavera.png\",\"width\":447,\"height\":142,\"caption\":\"Colegio Misioneras de la Providencia Talavera de la Reina\"},\"image\":{\"@id\":\"https:\/\/buenartevisual.com\/colegiotalavera\/#\/schema\/logo\/image\/\"}}]}<\/script>\n<!-- \/ Yoast SEO plugin. -->","yoast_head_json":{"title":"Secretaria - Colegio Misioneras de la Providencia Talavera de la Reina","robots":{"index":"noindex","follow":"follow","max-snippet":"max-snippet:-1","max-image-preview":"max-image-preview:large","max-video-preview":"max-video-preview:-1"},"og_locale":"es_ES","og_type":"article","og_title":"Secretaria - Colegio Misioneras de la Providencia Talavera de la Reina","og_description":"Primeros pasos Un espacio cercano para ayudarte en tus gestiones El Servicio de Secretar\u00eda est\u00e1 a disposici\u00f3n de las familias y alumnos para atender de manera \u00e1gil y personalizada todas las gestiones administrativas del centro. Nuestro compromiso es ofrecer una atenci\u00f3n cercana, clara y eficaz, facilitando la comunicaci\u00f3n y el acompa\u00f1amiento en cada tr\u00e1mite escolar. [&hellip;]","og_url":"https:\/\/buenartevisual.com\/colegiotalavera\/secretaria\/","og_site_name":"Colegio Misioneras de la Providencia Talavera de la Reina","article_modified_time":"2025-10-22T10:10:49+00:00","twitter_card":"summary_large_image","twitter_misc":{"Tiempo de lectura":"1 minuto"},"schema":{"@context":"https:\/\/schema.org","@graph":[{"@type":"WebPage","@id":"https:\/\/buenartevisual.com\/colegiotalavera\/secretaria\/","url":"https:\/\/buenartevisual.com\/colegiotalavera\/secretaria\/","name":"Secretaria - Colegio Misioneras de la Providencia Talavera de la Reina","isPartOf":{"@id":"https:\/\/buenartevisual.com\/colegiotalavera\/#website"},"datePublished":"2025-09-18T10:52:42+00:00","dateModified":"2025-10-22T10:10:49+00:00","breadcrumb":{"@id":"https:\/\/buenartevisual.com\/colegiotalavera\/secretaria\/#breadcrumb"},"inLanguage":"es","potentialAction":[{"@type":"ReadAction","target":["https:\/\/buenartevisual.com\/colegiotalavera\/secretaria\/"]}]},{"@type":"BreadcrumbList","@id":"https:\/\/buenartevisual.com\/colegiotalavera\/secretaria\/#breadcrumb","itemListElement":[{"@type":"ListItem","position":1,"name":"Portada","item":"https:\/\/buenartevisual.com\/colegiotalavera\/"},{"@type":"ListItem","position":2,"name":"Secretaria"}]},{"@type":"WebSite","@id":"https:\/\/buenartevisual.com\/colegiotalavera\/#website","url":"https:\/\/buenartevisual.com\/colegiotalavera\/","name":"Colegio Misioneras de la Providencia Talavera de la Reina","description":"Web del colegio Misioneras de la Providencia de Talavera de la Reina","publisher":{"@id":"https:\/\/buenartevisual.com\/colegiotalavera\/#organization"},"potentialAction":[{"@type":"SearchAction","target":{"@type":"EntryPoint","urlTemplate":"https:\/\/buenartevisual.com\/colegiotalavera\/?s={search_term_string}"},"query-input":{"@type":"PropertyValueSpecification","valueRequired":true,"valueName":"search_term_string"}}],"inLanguage":"es"},{"@type":"Organization","@id":"https:\/\/buenartevisual.com\/colegiotalavera\/#organization","name":"Colegio Misioneras de la Providencia Talavera de la Reina","url":"https:\/\/buenartevisual.com\/colegiotalavera\/","logo":{"@type":"ImageObject","inLanguage":"es","@id":"https:\/\/buenartevisual.com\/colegiotalavera\/#\/schema\/logo\/image\/","url":"https:\/\/buenartevisual.com\/colegiotalavera\/wp-content\/uploads\/2025\/10\/logo-misioneras-talavera.png","contentUrl":"https:\/\/buenartevisual.com\/colegiotalavera\/wp-content\/uploads\/2025\/10\/logo-misioneras-talavera.png","width":447,"height":142,"caption":"Colegio Misioneras de la Providencia Talavera de la Reina"},"image":{"@id":"https:\/\/buenartevisual.com\/colegiotalavera\/#\/schema\/logo\/image\/"}}]}},"_links":{"self":[{"href":"https:\/\/buenartevisual.com\/colegiotalavera\/wp-json\/wp\/v2\/pages\/21538","targetHints":{"allow":["GET"]}}],"collection":[{"href":"https:\/\/buenartevisual.com\/colegiotalavera\/wp-json\/wp\/v2\/pages"}],"about":[{"href":"https:\/\/buenartevisual.com\/colegiotalavera\/wp-json\/wp\/v2\/types\/page"}],"author":[{"embeddable":true,"href":"https:\/\/buenartevisual.com\/colegiotalavera\/wp-json\/wp\/v2\/users\/2"}],"replies":[{"embeddable":true,"href":"https:\/\/buenartevisual.com\/colegiotalavera\/wp-json\/wp\/v2\/comments?post=21538"}],"version-history":[{"count":22,"href":"https:\/\/buenartevisual.com\/colegiotalavera\/wp-json\/wp\/v2\/pages\/21538\/revisions"}],"predecessor-version":[{"id":24473,"href":"https:\/\/buenartevisual.com\/colegiotalavera\/wp-json\/wp\/v2\/pages\/21538\/revisions\/24473"}],"wp:attachment":[{"href":"https:\/\/buenartevisual.com\/colegiotalavera\/wp-json\/wp\/v2\/media?parent=21538"}],"curies":[{"name":"wp","href":"https:\/\/api.w.org\/{rel}","templated":true}]}}