{"id":21517,"date":"2025-09-18T12:10:59","date_gmt":"2025-09-18T10:10:59","guid":{"rendered":"https:\/\/buenartevisual.com\/colegiotalavera\/?page_id=21517"},"modified":"2025-10-21T12:58:04","modified_gmt":"2025-10-21T10:58:04","slug":"eso","status":"publish","type":"page","link":"https:\/\/buenartevisual.com\/colegiotalavera\/eso\/","title":{"rendered":"ESO"},"content":{"rendered":"\t\t<div data-elementor-type=\"wp-page\" data-elementor-id=\"21517\" class=\"elementor elementor-21517\">\n\t\t\t\t\t\t\t<div class=\" elementor-element elementor-element-754f8f21 e-flex e-con-boxed e-con e-parent\" data-id=\"754f8f21\" data-element_type=\"container\">\r\n\t\t\t\t\t\t\t<div class=\"e-con-inner\">\r\n\t\t\t\t\t\t\t<div class=\" elementor-element elementor-element-32d200ae e-con-full e-flex e-con e-child\" data-id=\"32d200ae\" data-element_type=\"container\">\r\n\t\t\t\t\t<div class=\"elementor-element elementor-element-2e9c50e2 elementor-widget elementor-widget-udesign_widget_heading\" data-id=\"2e9c50e2\" data-element_type=\"widget\" data-widget_type=\"udesign_widget_heading.default\">\n\t\t\t\t\t<div class=\"title-wrapper  title-left\"><div class=\"title elementor-heading-title\">Primeros pasos<\/div><\/div>\t\t\t\t<\/div>\n\t\t\t\t<div class=\"elementor-element elementor-element-590e16b elementor-widget__width-initial elementor-widget-mobile__width-inherit elementor-widget elementor-widget-udesign_widget_heading\" data-id=\"590e16b\" data-element_type=\"widget\" data-widget_type=\"udesign_widget_heading.default\">\n\t\t\t\t\t<div class=\"title-wrapper  title-left\"><h2 class=\"title elementor-heading-title\">Construyendo  futuro con valores y conocimiento<\/h2><\/div>\t\t\t\t<\/div>\n\t\t\t\t<div class=\"elementor-element elementor-element-7d6d711 elementor-widget elementor-widget-text-editor\" data-id=\"7d6d711\" data-element_type=\"widget\" data-widget_type=\"text-editor.default\">\n\t\t\t\t\t\t\t\t\t<p>La Educaci\u00f3n Secundaria Obligatoria es una <strong>etapa decisiva<\/strong> en el crecimiento personal y acad\u00e9mico de los alumnos. En nuestro centro acompa\u00f1amos este proceso con una formaci\u00f3n integral que une <strong>conocimientos, valores y fe<\/strong> cristiana. Buscamos que los j\u00f3venes afiancen lo aprendido, desarrollen su sentido cr\u00edtico y descubran su vocaci\u00f3n, al mismo tiempo que fortalecen la responsabilidad, la autonom\u00eda y el compromiso social. Todo ello en un <strong>ambiente cercano, de confianza y respeto<\/strong>, donde puedan construir su proyecto de vida con ilusi\u00f3n y esperanza.<\/p>\t\t\t\t\t\t\t\t<\/div>\n\t\t\r\n\t\t\t<\/div>\r\n\t\t\t\t\t\t<div class=\" elementor-element elementor-element-72892da6 e-con-full e-flex e-con e-child\" data-id=\"72892da6\" data-element_type=\"container\">\r\n\t\t\t\t\t<div class=\"elementor-element elementor-element-26c69a0f h-100 animated-slow elementor-invisible elementor-widget elementor-widget-image\" data-id=\"26c69a0f\" data-element_type=\"widget\" data-settings=\"{&quot;_animation&quot;:&quot;fadeInUpShorter&quot;,&quot;_animation_delay&quot;:300}\" data-widget_type=\"image.default\">\n\t\t\t\t\t\t\t\t\t\t\t\t\t\t\t<img fetchpriority=\"high\" decoding=\"async\" width=\"1152\" height=\"720\" src=\"https:\/\/buenartevisual.com\/colegiotalavera\/wp-content\/uploads\/2025\/09\/instalaciones-sala-20.jpg\" class=\"attachment-full size-full wp-image-21308\" alt=\"\" srcset=\"https:\/\/buenartevisual.com\/colegiotalavera\/wp-content\/uploads\/2025\/09\/instalaciones-sala-20.jpg 1152w, https:\/\/buenartevisual.com\/colegiotalavera\/wp-content\/uploads\/2025\/09\/instalaciones-sala-20-1024x640.jpg 1024w, https:\/\/buenartevisual.com\/colegiotalavera\/wp-content\/uploads\/2025\/09\/instalaciones-sala-20-768x480.jpg 768w\" sizes=\"(max-width: 1152px) 100vw, 1152px\" \/>\t\t\t\t\t\t\t\t\t\t\t\t\t\t\t<\/div>\n\t\t\r\n\t\t\t<\/div>\r\n\t\t\t\t\t\t\t<\/div>\r\n\t\t\t\t\r\n\t\t\t<\/div>\r\n\t\t\t\t\t\t<div class=\" elementor-element elementor-element-1f436a11 e-flex e-con-boxed elementor-invisible e-con e-parent\" data-stretch=\"full\" data-stretch-width=\"0\" data-id=\"1f436a11\" data-element_type=\"container\" data-settings=\"{&quot;background_background&quot;:&quot;classic&quot;,&quot;animation&quot;:&quot;fadeInDownShorter&quot;}\">\r\n\t\t\t\t\t\t\t<div class=\"e-con-inner\">\r\n\t\t\t\t\t\t\t<div class=\" elementor-element elementor-element-34a3a5d4 e-con-full e-flex e-con e-child\" data-id=\"34a3a5d4\" data-element_type=\"container\">\r\n\t\t\t\t\t<div class=\"elementor-element elementor-element-4f85e56c elementor-widget elementor-widget-udesign_widget_heading\" data-id=\"4f85e56c\" data-element_type=\"widget\" data-widget_type=\"udesign_widget_heading.default\">\n\t\t\t\t\t<div class=\"title-wrapper  title-center\"><div class=\"title elementor-heading-title\">Claves de la etapa<\/div><\/div>\t\t\t\t<\/div>\n\t\t\t\t<div class=\"elementor-element elementor-element-2135d79 elementor-widget elementor-widget-udesign_widget_highlight\" data-id=\"2135d79\" data-element_type=\"widget\" data-widget_type=\"udesign_widget_highlight.default\">\n\t\t\t\t\t<h2 class=\"elementor-heading-title highlight-text\"><span class=\"\">Los primeros pasos en el aprendizaje y los valores que acompa\u00f1an<\/span><\/h2>\t\t\t\t<\/div>\n\t\t\r\n\t\t\t<\/div>\r\n\t\t\t\t\t\t<div class=\" elementor-element elementor-element-42c5e6f e-con-full e-flex e-con e-child\" data-id=\"42c5e6f\" data-element_type=\"container\" data-settings=\"{&quot;background_background&quot;:&quot;classic&quot;}\">\r\n\t\t\t\t\t<div class=\"elementor-element elementor-element-321be8d elementor-view-default elementor-position-top elementor-mobile-position-top elementor-widget elementor-widget-icon-box\" data-id=\"321be8d\" data-element_type=\"widget\" data-widget_type=\"icon-box.default\">\n\t\t\t\t\t\t\t<div class=\"elementor-icon-box-wrapper\">\n\n\t\t\t\t\t\t<div class=\"elementor-icon-box-icon\">\n\t\t\t\t<span  class=\"elementor-icon\">\n\t\t\t\t<svg aria-hidden=\"true\" class=\"e-font-icon-svg e-fas-weight-hanging\" viewBox=\"0 0 512 512\" xmlns=\"http:\/\/www.w3.org\/2000\/svg\"><path d=\"M510.28 445.86l-73.03-292.13c-3.8-15.19-16.44-25.72-30.87-25.72h-60.25c3.57-10.05 5.88-20.72 5.88-32 0-53.02-42.98-96-96-96s-96 42.98-96 96c0 11.28 2.3 21.95 5.88 32h-60.25c-14.43 0-27.08 10.54-30.87 25.72L1.72 445.86C-6.61 479.17 16.38 512 48.03 512h415.95c31.64 0 54.63-32.83 46.3-66.14zM256 128c-17.64 0-32-14.36-32-32s14.36-32 32-32 32 14.36 32 32-14.36 32-32 32z\"><\/path><\/svg>\t\t\t\t<\/span>\n\t\t\t<\/div>\n\t\t\t\n\t\t\t\t\t\t<div class=\"elementor-icon-box-content\">\n\n\t\t\t\t\t\t\t\t\t<h3 class=\"elementor-icon-box-title\">\n\t\t\t\t\t\t<span  >\n\t\t\t\t\t\t\tFormaci\u00f3n s\u00f3lida\t\t\t\t\t\t<\/span>\n\t\t\t\t\t<\/h3>\n\t\t\t\t\n\t\t\t\t\t\t\t\t\t<p class=\"elementor-icon-box-description\">\n\t\t\t\t\t\tConsolidar conocimientos y prepararse para estudios posteriores.\t\t\t\t\t<\/p>\n\t\t\t\t\n\t\t\t<\/div>\n\t\t\t\n\t\t<\/div>\n\t\t\t\t\t\t<\/div>\n\t\t\r\n\t\t\t<\/div>\r\n\t\t\t\t\t\t<div class=\" elementor-element elementor-element-6ded5d93 e-con-full e-flex e-con e-child\" data-id=\"6ded5d93\" data-element_type=\"container\" data-settings=\"{&quot;background_background&quot;:&quot;classic&quot;}\">\r\n\t\t\t\t\t<div class=\"elementor-element elementor-element-31aa652 elementor-view-default elementor-position-top elementor-mobile-position-top elementor-widget elementor-widget-icon-box\" data-id=\"31aa652\" data-element_type=\"widget\" data-widget_type=\"icon-box.default\">\n\t\t\t\t\t\t\t<div class=\"elementor-icon-box-wrapper\">\n\n\t\t\t\t\t\t<div class=\"elementor-icon-box-icon\">\n\t\t\t\t<span  class=\"elementor-icon\">\n\t\t\t\t<svg aria-hidden=\"true\" class=\"e-font-icon-svg e-far-eye\" viewBox=\"0 0 576 512\" xmlns=\"http:\/\/www.w3.org\/2000\/svg\"><path d=\"M288 144a110.94 110.94 0 0 0-31.24 5 55.4 55.4 0 0 1 7.24 27 56 56 0 0 1-56 56 55.4 55.4 0 0 1-27-7.24A111.71 111.71 0 1 0 288 144zm284.52 97.4C518.29 135.59 410.93 64 288 64S57.68 135.64 3.48 241.41a32.35 32.35 0 0 0 0 29.19C57.71 376.41 165.07 448 288 448s230.32-71.64 284.52-177.41a32.35 32.35 0 0 0 0-29.19zM288 400c-98.65 0-189.09-55-237.93-144C98.91 167 189.34 112 288 112s189.09 55 237.93 144C477.1 345 386.66 400 288 400z\"><\/path><\/svg>\t\t\t\t<\/span>\n\t\t\t<\/div>\n\t\t\t\n\t\t\t\t\t\t<div class=\"elementor-icon-box-content\">\n\n\t\t\t\t\t\t\t\t\t<h3 class=\"elementor-icon-box-title\">\n\t\t\t\t\t\t<span  >\n\t\t\t\t\t\t\tResponsabilidad\t\t\t\t\t\t<\/span>\n\t\t\t\t\t<\/h3>\n\t\t\t\t\n\t\t\t\t\t\t\t\t\t<p class=\"elementor-icon-box-description\">\n\t\t\t\t\t\tFavorecer la toma de decisiones y el compromiso personal.\t\t\t\t\t<\/p>\n\t\t\t\t\n\t\t\t<\/div>\n\t\t\t\n\t\t<\/div>\n\t\t\t\t\t\t<\/div>\n\t\t\r\n\t\t\t<\/div>\r\n\t\t\t\t\t\t<div class=\" elementor-element elementor-element-1ea5023d e-con-full e-flex e-con e-child\" data-id=\"1ea5023d\" data-element_type=\"container\" data-settings=\"{&quot;background_background&quot;:&quot;classic&quot;}\">\r\n\t\t\t\t\t<div class=\"elementor-element elementor-element-3569ae3 elementor-view-default elementor-position-top elementor-mobile-position-top elementor-widget elementor-widget-icon-box\" data-id=\"3569ae3\" data-element_type=\"widget\" data-widget_type=\"icon-box.default\">\n\t\t\t\t\t\t\t<div class=\"elementor-icon-box-wrapper\">\n\n\t\t\t\t\t\t<div class=\"elementor-icon-box-icon\">\n\t\t\t\t<span  class=\"elementor-icon\">\n\t\t\t\t<svg aria-hidden=\"true\" class=\"e-font-icon-svg e-fas-church\" viewBox=\"0 0 640 512\" xmlns=\"http:\/\/www.w3.org\/2000\/svg\"><path d=\"M464.46 246.68L352 179.2V128h48c8.84 0 16-7.16 16-16V80c0-8.84-7.16-16-16-16h-48V16c0-8.84-7.16-16-16-16h-32c-8.84 0-16 7.16-16 16v48h-48c-8.84 0-16 7.16-16 16v32c0 8.84 7.16 16 16 16h48v51.2l-112.46 67.48A31.997 31.997 0 0 0 160 274.12V512h96v-96c0-35.35 28.65-64 64-64s64 28.65 64 64v96h96V274.12c0-11.24-5.9-21.66-15.54-27.44zM0 395.96V496c0 8.84 7.16 16 16 16h112V320L19.39 366.54A32.024 32.024 0 0 0 0 395.96zm620.61-29.42L512 320v192h112c8.84 0 16-7.16 16-16V395.96c0-12.8-7.63-24.37-19.39-29.42z\"><\/path><\/svg>\t\t\t\t<\/span>\n\t\t\t<\/div>\n\t\t\t\n\t\t\t\t\t\t<div class=\"elementor-icon-box-content\">\n\n\t\t\t\t\t\t\t\t\t<h3 class=\"elementor-icon-box-title\">\n\t\t\t\t\t\t<span  >\n\t\t\t\t\t\t\tValores y convivencia\t\t\t\t\t\t<\/span>\n\t\t\t\t\t<\/h3>\n\t\t\t\t\n\t\t\t\t\t\t\t\t\t<p class=\"elementor-icon-box-description\">\n\t\t\t\t\t\tEducar en respeto, solidaridad y fe cristiana para crecer como personas.\t\t\t\t\t<\/p>\n\t\t\t\t\n\t\t\t<\/div>\n\t\t\t\n\t\t<\/div>\n\t\t\t\t\t\t<\/div>\n\t\t\r\n\t\t\t<\/div>\r\n\t\t\t\t\t\t\t<\/div>\r\n\t\t\t\t\r\n\t\t\t<\/div>\r\n\t\t\t\t\t\t<div class=\" elementor-element elementor-element-9a29dc2 e-con-full e-flex e-con e-parent\" data-stretch=\"full\" data-stretch-width=\"0\" data-id=\"9a29dc2\" data-element_type=\"container\" data-settings=\"{&quot;background_background&quot;:&quot;classic&quot;}\">\r\n\t\t\t\t\t\t<div class=\" elementor-element elementor-element-e8189a6 e-con-full e-flex e-con e-child\" data-id=\"e8189a6\" data-element_type=\"container\" data-settings=\"{&quot;background_background&quot;:&quot;classic&quot;}\">\r\n\t\t\t\t\t\t<div class=\" elementor-element elementor-element-2c15d08 e-con-full elementor-hidden-mobile e-flex e-con e-child\" data-id=\"2c15d08\" data-element_type=\"container\">\r\n\t\t\t\t\t<div class=\"elementor-element elementor-element-4290b21 elementor-widget elementor-widget-udesign_widget_heading\" data-id=\"4290b21\" data-element_type=\"widget\" data-widget_type=\"udesign_widget_heading.default\">\n\t\t\t\t\t<div class=\"title-wrapper  title-center\"><h2 class=\"title elementor-heading-title\">Materiales para el curso<\/h2><\/div>\t\t\t\t<\/div>\n\t\t\t\t<div class=\"elementor-element elementor-element-2d4f745 elementor-widget elementor-widget-udesign_widget_heading\" data-id=\"2d4f745\" data-element_type=\"widget\" data-widget_type=\"udesign_widget_heading.default\">\n\t\t\t\t\t<div class=\"title-wrapper  title-left\"><h2 class=\"title elementor-heading-title\">Todo lo que tu hijo\/a necesita<\/h2><\/div>\t\t\t\t<\/div>\n\t\t\r\n\t\t\t<\/div>\r\n\t\t\t\t\t\t<div class=\" elementor-element elementor-element-6231d83 e-con-full e-flex e-con e-child\" data-id=\"6231d83\" data-element_type=\"container\">\r\n\t\t\t\t\t<div class=\"elementor-element elementor-element-dc3541d elementor-icon-list--layout-inline elementor-align-center elementor-list-item-link-full_width elementor-widget elementor-widget-icon-list\" data-id=\"dc3541d\" data-element_type=\"widget\" data-widget_type=\"icon-list.default\">\n\t\t\t\t\t\t\t<ul class=\"elementor-icon-list-items elementor-inline-items\">\n\t\t\t\t\t\t\t<li class=\"elementor-icon-list-item elementor-inline-item\">\n\t\t\t\t\t\t\t\t\t\t\t<a href=\"https:\/\/drive.google.com\/file\/d\/1rLNxEjHUG2NmGOTmqKV7v_2QQS24or8_\/view?usp=sharing\">\n\n\t\t\t\t\t\t\t\t\t\t\t<span class=\"elementor-icon-list-text\">1\u00ba ESO<\/span>\n\t\t\t\t\t\t\t\t\t\t\t<\/a>\n\t\t\t\t\t\t\t\t\t<\/li>\n\t\t\t\t\t\t\t\t<li class=\"elementor-icon-list-item elementor-inline-item\">\n\t\t\t\t\t\t\t\t\t\t\t<a href=\"https:\/\/drive.google.com\/file\/d\/1xmwVsPKiOP5g0f2QdhULEq3yCdq3dGpt\/view?usp=sharing\">\n\n\t\t\t\t\t\t\t\t\t\t\t<span class=\"elementor-icon-list-text\">2\u00ba ESO<\/span>\n\t\t\t\t\t\t\t\t\t\t\t<\/a>\n\t\t\t\t\t\t\t\t\t<\/li>\n\t\t\t\t\t\t\t\t<li class=\"elementor-icon-list-item elementor-inline-item\">\n\t\t\t\t\t\t\t\t\t\t\t<a href=\"https:\/\/drive.google.com\/file\/d\/1f7saR-2fP_7mM5zzMpat1ZQB7KO8tjpX\/view?usp=sharing\">\n\n\t\t\t\t\t\t\t\t\t\t\t<span class=\"elementor-icon-list-text\">3\u00ba ESO<\/span>\n\t\t\t\t\t\t\t\t\t\t\t<\/a>\n\t\t\t\t\t\t\t\t\t<\/li>\n\t\t\t\t\t\t\t\t<li class=\"elementor-icon-list-item elementor-inline-item\">\n\t\t\t\t\t\t\t\t\t\t\t<a href=\"https:\/\/drive.google.com\/file\/d\/1A-1i0Jq2LzMx3rMxNueIaJ6P4w3yEG66\/view?usp=sharing\">\n\n\t\t\t\t\t\t\t\t\t\t\t<span class=\"elementor-icon-list-text\">4\u00ba ESO<\/span>\n\t\t\t\t\t\t\t\t\t\t\t<\/a>\n\t\t\t\t\t\t\t\t\t<\/li>\n\t\t\t\t\t\t<\/ul>\n\t\t\t\t\t\t<\/div>\n\t\t\r\n\t\t\t<\/div>\r\n\t\t\t\r\n\t\t\t<\/div>\r\n\t\t\t\r\n\t\t\t<\/div>\r\n\t\t\t\t\t<\/div>\n\t\t","protected":false},"excerpt":{"rendered":"<p>Primeros pasos Construyendo futuro con valores y conocimiento La Educaci\u00f3n Secundaria Obligatoria es una etapa decisiva en el crecimiento personal y acad\u00e9mico de los alumnos. En nuestro centro acompa\u00f1amos este proceso con una formaci\u00f3n integral que une conocimientos, valores y fe cristiana. Buscamos que los j\u00f3venes afiancen lo aprendido, desarrollen su sentido cr\u00edtico y descubran [&hellip;]<\/p>\n","protected":false},"author":2,"featured_media":0,"parent":0,"menu_order":0,"comment_status":"closed","ping_status":"closed","template":"","meta":{"footnotes":""},"class_list":["post-21517","page","type-page","status-publish","hentry"],"yoast_head":"<!-- This site is optimized with the Yoast SEO plugin v26.5 - https:\/\/yoast.com\/wordpress\/plugins\/seo\/ -->\n<title>ESO - Colegio Misioneras de la Providencia Talavera de la Reina<\/title>\n<meta name=\"robots\" content=\"noindex, follow, max-snippet:-1, max-image-preview:large, max-video-preview:-1\" \/>\n<meta property=\"og:locale\" content=\"es_ES\" \/>\n<meta property=\"og:type\" content=\"article\" \/>\n<meta property=\"og:title\" content=\"ESO - Colegio Misioneras de la Providencia Talavera de la Reina\" \/>\n<meta property=\"og:description\" content=\"Primeros pasos Construyendo futuro con valores y conocimiento La Educaci\u00f3n Secundaria Obligatoria es una etapa decisiva en el crecimiento personal y acad\u00e9mico de los alumnos. En nuestro centro acompa\u00f1amos este proceso con una formaci\u00f3n integral que une conocimientos, valores y fe cristiana. Buscamos que los j\u00f3venes afiancen lo aprendido, desarrollen su sentido cr\u00edtico y descubran [&hellip;]\" \/>\n<meta property=\"og:url\" content=\"https:\/\/buenartevisual.com\/colegiotalavera\/eso\/\" \/>\n<meta property=\"og:site_name\" content=\"Colegio Misioneras de la Providencia Talavera de la Reina\" \/>\n<meta property=\"article:modified_time\" content=\"2025-10-21T10:58:04+00:00\" \/>\n<meta property=\"og:image\" content=\"https:\/\/buenartevisual.com\/colegiotalavera\/wp-content\/uploads\/2025\/09\/instalaciones-sala-20.jpg\" \/>\n\t<meta property=\"og:image:width\" content=\"1152\" \/>\n\t<meta property=\"og:image:height\" content=\"720\" \/>\n\t<meta property=\"og:image:type\" content=\"image\/jpeg\" \/>\n<meta name=\"twitter:card\" content=\"summary_large_image\" \/>\n<meta name=\"twitter:label1\" content=\"Tiempo de lectura\" \/>\n\t<meta name=\"twitter:data1\" content=\"1 minuto\" \/>\n<script type=\"application\/ld+json\" class=\"yoast-schema-graph\">{\"@context\":\"https:\/\/schema.org\",\"@graph\":[{\"@type\":\"WebPage\",\"@id\":\"https:\/\/buenartevisual.com\/colegiotalavera\/eso\/\",\"url\":\"https:\/\/buenartevisual.com\/colegiotalavera\/eso\/\",\"name\":\"ESO - Colegio Misioneras de la Providencia Talavera de la Reina\",\"isPartOf\":{\"@id\":\"https:\/\/buenartevisual.com\/colegiotalavera\/#website\"},\"primaryImageOfPage\":{\"@id\":\"https:\/\/buenartevisual.com\/colegiotalavera\/eso\/#primaryimage\"},\"image\":{\"@id\":\"https:\/\/buenartevisual.com\/colegiotalavera\/eso\/#primaryimage\"},\"thumbnailUrl\":\"https:\/\/buenartevisual.com\/colegiotalavera\/wp-content\/uploads\/2025\/09\/instalaciones-sala-20.jpg\",\"datePublished\":\"2025-09-18T10:10:59+00:00\",\"dateModified\":\"2025-10-21T10:58:04+00:00\",\"breadcrumb\":{\"@id\":\"https:\/\/buenartevisual.com\/colegiotalavera\/eso\/#breadcrumb\"},\"inLanguage\":\"es\",\"potentialAction\":[{\"@type\":\"ReadAction\",\"target\":[\"https:\/\/buenartevisual.com\/colegiotalavera\/eso\/\"]}]},{\"@type\":\"ImageObject\",\"inLanguage\":\"es\",\"@id\":\"https:\/\/buenartevisual.com\/colegiotalavera\/eso\/#primaryimage\",\"url\":\"https:\/\/buenartevisual.com\/colegiotalavera\/wp-content\/uploads\/2025\/09\/instalaciones-sala-20.jpg\",\"contentUrl\":\"https:\/\/buenartevisual.com\/colegiotalavera\/wp-content\/uploads\/2025\/09\/instalaciones-sala-20.jpg\"},{\"@type\":\"BreadcrumbList\",\"@id\":\"https:\/\/buenartevisual.com\/colegiotalavera\/eso\/#breadcrumb\",\"itemListElement\":[{\"@type\":\"ListItem\",\"position\":1,\"name\":\"Portada\",\"item\":\"https:\/\/buenartevisual.com\/colegiotalavera\/\"},{\"@type\":\"ListItem\",\"position\":2,\"name\":\"ESO\"}]},{\"@type\":\"WebSite\",\"@id\":\"https:\/\/buenartevisual.com\/colegiotalavera\/#website\",\"url\":\"https:\/\/buenartevisual.com\/colegiotalavera\/\",\"name\":\"Colegio Misioneras de la Providencia Talavera de la Reina\",\"description\":\"Web del colegio Misioneras de la Providencia de Talavera de la Reina\",\"publisher\":{\"@id\":\"https:\/\/buenartevisual.com\/colegiotalavera\/#organization\"},\"potentialAction\":[{\"@type\":\"SearchAction\",\"target\":{\"@type\":\"EntryPoint\",\"urlTemplate\":\"https:\/\/buenartevisual.com\/colegiotalavera\/?s={search_term_string}\"},\"query-input\":{\"@type\":\"PropertyValueSpecification\",\"valueRequired\":true,\"valueName\":\"search_term_string\"}}],\"inLanguage\":\"es\"},{\"@type\":\"Organization\",\"@id\":\"https:\/\/buenartevisual.com\/colegiotalavera\/#organization\",\"name\":\"Colegio Misioneras de la Providencia Talavera de la Reina\",\"url\":\"https:\/\/buenartevisual.com\/colegiotalavera\/\",\"logo\":{\"@type\":\"ImageObject\",\"inLanguage\":\"es\",\"@id\":\"https:\/\/buenartevisual.com\/colegiotalavera\/#\/schema\/logo\/image\/\",\"url\":\"https:\/\/buenartevisual.com\/colegiotalavera\/wp-content\/uploads\/2025\/10\/logo-misioneras-talavera.png\",\"contentUrl\":\"https:\/\/buenartevisual.com\/colegiotalavera\/wp-content\/uploads\/2025\/10\/logo-misioneras-talavera.png\",\"width\":447,\"height\":142,\"caption\":\"Colegio Misioneras de la Providencia Talavera de la Reina\"},\"image\":{\"@id\":\"https:\/\/buenartevisual.com\/colegiotalavera\/#\/schema\/logo\/image\/\"}}]}<\/script>\n<!-- \/ Yoast SEO plugin. -->","yoast_head_json":{"title":"ESO - Colegio Misioneras de la Providencia Talavera de la Reina","robots":{"index":"noindex","follow":"follow","max-snippet":"max-snippet:-1","max-image-preview":"max-image-preview:large","max-video-preview":"max-video-preview:-1"},"og_locale":"es_ES","og_type":"article","og_title":"ESO - Colegio Misioneras de la Providencia Talavera de la Reina","og_description":"Primeros pasos Construyendo futuro con valores y conocimiento La Educaci\u00f3n Secundaria Obligatoria es una etapa decisiva en el crecimiento personal y acad\u00e9mico de los alumnos. En nuestro centro acompa\u00f1amos este proceso con una formaci\u00f3n integral que une conocimientos, valores y fe cristiana. Buscamos que los j\u00f3venes afiancen lo aprendido, desarrollen su sentido cr\u00edtico y descubran [&hellip;]","og_url":"https:\/\/buenartevisual.com\/colegiotalavera\/eso\/","og_site_name":"Colegio Misioneras de la Providencia Talavera de la Reina","article_modified_time":"2025-10-21T10:58:04+00:00","og_image":[{"width":1152,"height":720,"url":"https:\/\/buenartevisual.com\/colegiotalavera\/wp-content\/uploads\/2025\/09\/instalaciones-sala-20.jpg","type":"image\/jpeg"}],"twitter_card":"summary_large_image","twitter_misc":{"Tiempo de lectura":"1 minuto"},"schema":{"@context":"https:\/\/schema.org","@graph":[{"@type":"WebPage","@id":"https:\/\/buenartevisual.com\/colegiotalavera\/eso\/","url":"https:\/\/buenartevisual.com\/colegiotalavera\/eso\/","name":"ESO - Colegio Misioneras de la Providencia Talavera de la Reina","isPartOf":{"@id":"https:\/\/buenartevisual.com\/colegiotalavera\/#website"},"primaryImageOfPage":{"@id":"https:\/\/buenartevisual.com\/colegiotalavera\/eso\/#primaryimage"},"image":{"@id":"https:\/\/buenartevisual.com\/colegiotalavera\/eso\/#primaryimage"},"thumbnailUrl":"https:\/\/buenartevisual.com\/colegiotalavera\/wp-content\/uploads\/2025\/09\/instalaciones-sala-20.jpg","datePublished":"2025-09-18T10:10:59+00:00","dateModified":"2025-10-21T10:58:04+00:00","breadcrumb":{"@id":"https:\/\/buenartevisual.com\/colegiotalavera\/eso\/#breadcrumb"},"inLanguage":"es","potentialAction":[{"@type":"ReadAction","target":["https:\/\/buenartevisual.com\/colegiotalavera\/eso\/"]}]},{"@type":"ImageObject","inLanguage":"es","@id":"https:\/\/buenartevisual.com\/colegiotalavera\/eso\/#primaryimage","url":"https:\/\/buenartevisual.com\/colegiotalavera\/wp-content\/uploads\/2025\/09\/instalaciones-sala-20.jpg","contentUrl":"https:\/\/buenartevisual.com\/colegiotalavera\/wp-content\/uploads\/2025\/09\/instalaciones-sala-20.jpg"},{"@type":"BreadcrumbList","@id":"https:\/\/buenartevisual.com\/colegiotalavera\/eso\/#breadcrumb","itemListElement":[{"@type":"ListItem","position":1,"name":"Portada","item":"https:\/\/buenartevisual.com\/colegiotalavera\/"},{"@type":"ListItem","position":2,"name":"ESO"}]},{"@type":"WebSite","@id":"https:\/\/buenartevisual.com\/colegiotalavera\/#website","url":"https:\/\/buenartevisual.com\/colegiotalavera\/","name":"Colegio Misioneras de la Providencia Talavera de la Reina","description":"Web del colegio Misioneras de la Providencia de Talavera de la Reina","publisher":{"@id":"https:\/\/buenartevisual.com\/colegiotalavera\/#organization"},"potentialAction":[{"@type":"SearchAction","target":{"@type":"EntryPoint","urlTemplate":"https:\/\/buenartevisual.com\/colegiotalavera\/?s={search_term_string}"},"query-input":{"@type":"PropertyValueSpecification","valueRequired":true,"valueName":"search_term_string"}}],"inLanguage":"es"},{"@type":"Organization","@id":"https:\/\/buenartevisual.com\/colegiotalavera\/#organization","name":"Colegio Misioneras de la Providencia Talavera de la Reina","url":"https:\/\/buenartevisual.com\/colegiotalavera\/","logo":{"@type":"ImageObject","inLanguage":"es","@id":"https:\/\/buenartevisual.com\/colegiotalavera\/#\/schema\/logo\/image\/","url":"https:\/\/buenartevisual.com\/colegiotalavera\/wp-content\/uploads\/2025\/10\/logo-misioneras-talavera.png","contentUrl":"https:\/\/buenartevisual.com\/colegiotalavera\/wp-content\/uploads\/2025\/10\/logo-misioneras-talavera.png","width":447,"height":142,"caption":"Colegio Misioneras de la Providencia Talavera de la Reina"},"image":{"@id":"https:\/\/buenartevisual.com\/colegiotalavera\/#\/schema\/logo\/image\/"}}]}},"_links":{"self":[{"href":"https:\/\/buenartevisual.com\/colegiotalavera\/wp-json\/wp\/v2\/pages\/21517","targetHints":{"allow":["GET"]}}],"collection":[{"href":"https:\/\/buenartevisual.com\/colegiotalavera\/wp-json\/wp\/v2\/pages"}],"about":[{"href":"https:\/\/buenartevisual.com\/colegiotalavera\/wp-json\/wp\/v2\/types\/page"}],"author":[{"embeddable":true,"href":"https:\/\/buenartevisual.com\/colegiotalavera\/wp-json\/wp\/v2\/users\/2"}],"replies":[{"embeddable":true,"href":"https:\/\/buenartevisual.com\/colegiotalavera\/wp-json\/wp\/v2\/comments?post=21517"}],"version-history":[{"count":22,"href":"https:\/\/buenartevisual.com\/colegiotalavera\/wp-json\/wp\/v2\/pages\/21517\/revisions"}],"predecessor-version":[{"id":24463,"href":"https:\/\/buenartevisual.com\/colegiotalavera\/wp-json\/wp\/v2\/pages\/21517\/revisions\/24463"}],"wp:attachment":[{"href":"https:\/\/buenartevisual.com\/colegiotalavera\/wp-json\/wp\/v2\/media?parent=21517"}],"curies":[{"name":"wp","href":"https:\/\/api.w.org\/{rel}","templated":true}]}}