{"id":21165,"date":"2025-08-25T12:02:41","date_gmt":"2025-08-25T10:02:41","guid":{"rendered":"https:\/\/buenartevisual.com\/colegiotalavera\/?page_id=21165"},"modified":"2025-10-22T13:45:43","modified_gmt":"2025-10-22T11:45:43","slug":"proyecto-educativo","status":"publish","type":"page","link":"https:\/\/buenartevisual.com\/colegiotalavera\/proyecto-educativo\/","title":{"rendered":"Proyecto Educativo"},"content":{"rendered":"\t\t<div data-elementor-type=\"wp-page\" data-elementor-id=\"21165\" class=\"elementor elementor-21165\">\n\t\t\t\t\t\t\t<div class=\" elementor-element elementor-element-275ed37 e-flex e-con-boxed e-con e-parent\" data-id=\"275ed37\" data-element_type=\"container\">\r\n\t\t\t\t\t\t\t<div class=\"e-con-inner\">\r\n\t\t\t\t\t\t\t<div class=\" elementor-element elementor-element-abe8501 e-con-full e-flex e-con e-child\" data-id=\"abe8501\" data-element_type=\"container\">\r\n\t\t\t\t\t<div class=\"elementor-element elementor-element-041a7b1 animated-slow elementor-invisible elementor-widget elementor-widget-image\" data-id=\"041a7b1\" data-element_type=\"widget\" data-settings=\"{&quot;_animation&quot;:&quot;fadeInUpShorter&quot;,&quot;_animation_delay&quot;:300}\" data-widget_type=\"image.default\">\n\t\t\t\t\t\t\t\t\t\t\t\t\t\t\t<img fetchpriority=\"high\" decoding=\"async\" width=\"1200\" height=\"1200\" src=\"https:\/\/buenartevisual.com\/colegiotalavera\/wp-content\/uploads\/2025\/08\/colegio-misioneras-1-1.jpg\" class=\"attachment-full size-full wp-image-21169\" alt=\"\" srcset=\"https:\/\/buenartevisual.com\/colegiotalavera\/wp-content\/uploads\/2025\/08\/colegio-misioneras-1-1.jpg 1200w, https:\/\/buenartevisual.com\/colegiotalavera\/wp-content\/uploads\/2025\/08\/colegio-misioneras-1-1-1024x1024.jpg 1024w, https:\/\/buenartevisual.com\/colegiotalavera\/wp-content\/uploads\/2025\/08\/colegio-misioneras-1-1-768x768.jpg 768w\" sizes=\"(max-width: 1200px) 100vw, 1200px\" \/>\t\t\t\t\t\t\t\t\t\t\t\t\t\t\t<\/div>\n\t\t\r\n\t\t\t<\/div>\r\n\t\t\t\t\t\t<div class=\" elementor-element elementor-element-a1c9061 e-con-full animated-slow e-flex elementor-invisible e-con e-child\" data-id=\"a1c9061\" data-element_type=\"container\" data-settings=\"{&quot;animation&quot;:&quot;fadeInUpShorter&quot;}\">\r\n\t\t\t\t\t<div class=\"elementor-element elementor-element-cc3f78d elementor-widget elementor-widget-udesign_widget_heading\" data-id=\"cc3f78d\" data-element_type=\"widget\" data-widget_type=\"udesign_widget_heading.default\">\n\t\t\t\t\t<div class=\"title-wrapper  title-left\"><div class=\"title elementor-heading-title\">Proyecto educativo<\/div><\/div>\t\t\t\t<\/div>\n\t\t\t\t<div class=\"elementor-element elementor-element-e969cb0 elementor-widget elementor-widget-udesign_widget_heading\" data-id=\"e969cb0\" data-element_type=\"widget\" data-widget_type=\"udesign_widget_heading.default\">\n\t\t\t\t\t<div class=\"title-wrapper  title-left\"><h2 class=\"title elementor-heading-title\">Educar para la vida, guiados por el <br>Evangelio y los <br>valores cristianos<\/h2><\/div>\t\t\t\t<\/div>\n\t\t\t\t<div class=\"elementor-element elementor-element-f4ec8eb elementor-widget elementor-widget-udesign_widget_heading\" data-id=\"f4ec8eb\" data-element_type=\"widget\" data-widget_type=\"udesign_widget_heading.default\">\n\t\t\t\t\t<div class=\"title-wrapper  title-left\"><p class=\"title elementor-heading-title\">Nuestro <b>proyecto educativo<\/b> nace de la convicci\u00f3n de que <br>la verdadera formaci\u00f3n va m\u00e1s all\u00e1 de los conocimientos acad\u00e9micos. Inspirados en los <b>valores cristianos del Evangelio<\/b>, buscamos acompa\u00f1ar a cada alumno en su crecimiento integral: <b>mente, coraz\u00f3n y esp\u00edritu.<\/b><br><br>\n\nEducamos para que cada ni\u00f1o y joven desarrolle su entendimiento con sentido cr\u00edtico, fortalezca su<br> <b>voluntad<\/b> con responsabilidad, viva la <b>fe<\/b> como fundamento de su vida y se comprometa con la sociedad desde <b>la solidaridad y el respeto.<\/b><\/p><\/div>\t\t\t\t<\/div>\n\t\t\r\n\t\t\t<\/div>\r\n\t\t\t\t\t\t\t<\/div>\r\n\t\t\t\t\r\n\t\t\t<\/div>\r\n\t\t\t\t\t\t<div class=\" elementor-element elementor-element-bf04f7d e-flex e-con-boxed e-con e-parent\" data-id=\"bf04f7d\" data-element_type=\"container\">\r\n\t\t\t\t\t\t\t<div class=\"e-con-inner\">\r\n\t\t\t\t\t\t<div class=\"elementor-element elementor-element-014a59b animated-slow elementor-invisible elementor-widget elementor-widget-udesign_widget_heading\" data-id=\"014a59b\" data-element_type=\"widget\" data-settings=\"{&quot;_animation&quot;:&quot;fadeInUpShorter&quot;}\" data-widget_type=\"udesign_widget_heading.default\">\n\t\t\t\t\t<div class=\"title-wrapper  title-left\"><p class=\"title elementor-heading-title\">De esta manera, nuestro colegio se convierte en una comunidad educativa que no solo transmite saberes, sino que tambi\u00e9n forma <b>personas libres, responsables y capaces<\/b> de transformar su entorno.\n\nTodo ello desde una visi\u00f3n cristiana de la vida, donde la fe, los valores y el compromiso social se convierten en pilares fundamentales para construir un futuro m\u00e1s humano y solidario.<\/p><\/div>\t\t\t\t<\/div>\n\t\t\t\t<div class=\"elementor-element elementor-element-8c5947c elementor-widget elementor-widget-udesign_widget_button\" data-id=\"8c5947c\" data-element_type=\"widget\" data-widget_type=\"udesign_widget_button.default\">\n\t\t\t\t\t<a class=\"btn btn-md btn-primary\" href=\"https:\/\/buenartevisual.com\/colegiotalavera\/wp-content\/uploads\/2025\/10\/PROYECTO-EDUCATIVO-JOAQUIN-ALONSO-22-23-.pdf\" ><span >Descubre el proyecto completo<\/span><\/a>\t\t\t\t<\/div>\n\t\t\t\t\t\t<\/div>\r\n\t\t\t\t\r\n\t\t\t<\/div>\r\n\t\t\t\t\t<\/div>\n\t\t","protected":false},"excerpt":{"rendered":"<p>Proyecto educativo Educar para la vida, guiados por el Evangelio y los valores cristianos Nuestro proyecto educativo nace de la convicci\u00f3n de que la verdadera formaci\u00f3n va m\u00e1s all\u00e1 de los conocimientos acad\u00e9micos. Inspirados en los valores cristianos del Evangelio, buscamos acompa\u00f1ar a cada alumno en su crecimiento integral: mente, coraz\u00f3n y esp\u00edritu. Educamos para [&hellip;]<\/p>\n","protected":false},"author":2,"featured_media":0,"parent":0,"menu_order":0,"comment_status":"closed","ping_status":"closed","template":"","meta":{"footnotes":""},"class_list":["post-21165","page","type-page","status-publish","hentry"],"yoast_head":"<!-- This site is optimized with the Yoast SEO plugin v26.5 - https:\/\/yoast.com\/wordpress\/plugins\/seo\/ -->\n<title>Proyecto Educativo - Colegio Misioneras de la Providencia Talavera de la Reina<\/title>\n<meta name=\"robots\" content=\"noindex, follow, max-snippet:-1, max-image-preview:large, max-video-preview:-1\" \/>\n<meta property=\"og:locale\" content=\"es_ES\" \/>\n<meta property=\"og:type\" content=\"article\" \/>\n<meta property=\"og:title\" content=\"Proyecto Educativo - Colegio Misioneras de la Providencia Talavera de la Reina\" \/>\n<meta property=\"og:description\" content=\"Proyecto educativo Educar para la vida, guiados por el Evangelio y los valores cristianos Nuestro proyecto educativo nace de la convicci\u00f3n de que la verdadera formaci\u00f3n va m\u00e1s all\u00e1 de los conocimientos acad\u00e9micos. Inspirados en los valores cristianos del Evangelio, buscamos acompa\u00f1ar a cada alumno en su crecimiento integral: mente, coraz\u00f3n y esp\u00edritu. Educamos para [&hellip;]\" \/>\n<meta property=\"og:url\" content=\"https:\/\/buenartevisual.com\/colegiotalavera\/proyecto-educativo\/\" \/>\n<meta property=\"og:site_name\" content=\"Colegio Misioneras de la Providencia Talavera de la Reina\" \/>\n<meta property=\"article:modified_time\" content=\"2025-10-22T11:45:43+00:00\" \/>\n<meta property=\"og:image\" content=\"https:\/\/buenartevisual.com\/colegiotalavera\/wp-content\/uploads\/2025\/08\/colegio-misioneras-1-1.jpg\" \/>\n\t<meta property=\"og:image:width\" content=\"1200\" \/>\n\t<meta property=\"og:image:height\" content=\"1200\" \/>\n\t<meta property=\"og:image:type\" content=\"image\/jpeg\" \/>\n<meta name=\"twitter:card\" content=\"summary_large_image\" \/>\n<meta name=\"twitter:label1\" content=\"Tiempo de lectura\" \/>\n\t<meta name=\"twitter:data1\" content=\"1 minuto\" \/>\n<script type=\"application\/ld+json\" class=\"yoast-schema-graph\">{\"@context\":\"https:\/\/schema.org\",\"@graph\":[{\"@type\":\"WebPage\",\"@id\":\"https:\/\/buenartevisual.com\/colegiotalavera\/proyecto-educativo\/\",\"url\":\"https:\/\/buenartevisual.com\/colegiotalavera\/proyecto-educativo\/\",\"name\":\"Proyecto Educativo - Colegio Misioneras de la Providencia Talavera de la Reina\",\"isPartOf\":{\"@id\":\"https:\/\/buenartevisual.com\/colegiotalavera\/#website\"},\"primaryImageOfPage\":{\"@id\":\"https:\/\/buenartevisual.com\/colegiotalavera\/proyecto-educativo\/#primaryimage\"},\"image\":{\"@id\":\"https:\/\/buenartevisual.com\/colegiotalavera\/proyecto-educativo\/#primaryimage\"},\"thumbnailUrl\":\"https:\/\/buenartevisual.com\/colegiotalavera\/wp-content\/uploads\/2025\/08\/colegio-misioneras-1-1.jpg\",\"datePublished\":\"2025-08-25T10:02:41+00:00\",\"dateModified\":\"2025-10-22T11:45:43+00:00\",\"breadcrumb\":{\"@id\":\"https:\/\/buenartevisual.com\/colegiotalavera\/proyecto-educativo\/#breadcrumb\"},\"inLanguage\":\"es\",\"potentialAction\":[{\"@type\":\"ReadAction\",\"target\":[\"https:\/\/buenartevisual.com\/colegiotalavera\/proyecto-educativo\/\"]}]},{\"@type\":\"ImageObject\",\"inLanguage\":\"es\",\"@id\":\"https:\/\/buenartevisual.com\/colegiotalavera\/proyecto-educativo\/#primaryimage\",\"url\":\"https:\/\/buenartevisual.com\/colegiotalavera\/wp-content\/uploads\/2025\/08\/colegio-misioneras-1-1.jpg\",\"contentUrl\":\"https:\/\/buenartevisual.com\/colegiotalavera\/wp-content\/uploads\/2025\/08\/colegio-misioneras-1-1.jpg\",\"width\":1200,\"height\":1200},{\"@type\":\"BreadcrumbList\",\"@id\":\"https:\/\/buenartevisual.com\/colegiotalavera\/proyecto-educativo\/#breadcrumb\",\"itemListElement\":[{\"@type\":\"ListItem\",\"position\":1,\"name\":\"Portada\",\"item\":\"https:\/\/buenartevisual.com\/colegiotalavera\/\"},{\"@type\":\"ListItem\",\"position\":2,\"name\":\"Proyecto Educativo\"}]},{\"@type\":\"WebSite\",\"@id\":\"https:\/\/buenartevisual.com\/colegiotalavera\/#website\",\"url\":\"https:\/\/buenartevisual.com\/colegiotalavera\/\",\"name\":\"Colegio Misioneras de la Providencia Talavera de la Reina\",\"description\":\"Web del colegio Misioneras de la Providencia de Talavera de la Reina\",\"publisher\":{\"@id\":\"https:\/\/buenartevisual.com\/colegiotalavera\/#organization\"},\"potentialAction\":[{\"@type\":\"SearchAction\",\"target\":{\"@type\":\"EntryPoint\",\"urlTemplate\":\"https:\/\/buenartevisual.com\/colegiotalavera\/?s={search_term_string}\"},\"query-input\":{\"@type\":\"PropertyValueSpecification\",\"valueRequired\":true,\"valueName\":\"search_term_string\"}}],\"inLanguage\":\"es\"},{\"@type\":\"Organization\",\"@id\":\"https:\/\/buenartevisual.com\/colegiotalavera\/#organization\",\"name\":\"Colegio Misioneras de la Providencia Talavera de la Reina\",\"url\":\"https:\/\/buenartevisual.com\/colegiotalavera\/\",\"logo\":{\"@type\":\"ImageObject\",\"inLanguage\":\"es\",\"@id\":\"https:\/\/buenartevisual.com\/colegiotalavera\/#\/schema\/logo\/image\/\",\"url\":\"https:\/\/buenartevisual.com\/colegiotalavera\/wp-content\/uploads\/2025\/10\/logo-misioneras-talavera.png\",\"contentUrl\":\"https:\/\/buenartevisual.com\/colegiotalavera\/wp-content\/uploads\/2025\/10\/logo-misioneras-talavera.png\",\"width\":447,\"height\":142,\"caption\":\"Colegio Misioneras de la Providencia Talavera de la Reina\"},\"image\":{\"@id\":\"https:\/\/buenartevisual.com\/colegiotalavera\/#\/schema\/logo\/image\/\"}}]}<\/script>\n<!-- \/ Yoast SEO plugin. -->","yoast_head_json":{"title":"Proyecto Educativo - Colegio Misioneras de la Providencia Talavera de la Reina","robots":{"index":"noindex","follow":"follow","max-snippet":"max-snippet:-1","max-image-preview":"max-image-preview:large","max-video-preview":"max-video-preview:-1"},"og_locale":"es_ES","og_type":"article","og_title":"Proyecto Educativo - Colegio Misioneras de la Providencia Talavera de la Reina","og_description":"Proyecto educativo Educar para la vida, guiados por el Evangelio y los valores cristianos Nuestro proyecto educativo nace de la convicci\u00f3n de que la verdadera formaci\u00f3n va m\u00e1s all\u00e1 de los conocimientos acad\u00e9micos. Inspirados en los valores cristianos del Evangelio, buscamos acompa\u00f1ar a cada alumno en su crecimiento integral: mente, coraz\u00f3n y esp\u00edritu. Educamos para [&hellip;]","og_url":"https:\/\/buenartevisual.com\/colegiotalavera\/proyecto-educativo\/","og_site_name":"Colegio Misioneras de la Providencia Talavera de la Reina","article_modified_time":"2025-10-22T11:45:43+00:00","og_image":[{"width":1200,"height":1200,"url":"https:\/\/buenartevisual.com\/colegiotalavera\/wp-content\/uploads\/2025\/08\/colegio-misioneras-1-1.jpg","type":"image\/jpeg"}],"twitter_card":"summary_large_image","twitter_misc":{"Tiempo de lectura":"1 minuto"},"schema":{"@context":"https:\/\/schema.org","@graph":[{"@type":"WebPage","@id":"https:\/\/buenartevisual.com\/colegiotalavera\/proyecto-educativo\/","url":"https:\/\/buenartevisual.com\/colegiotalavera\/proyecto-educativo\/","name":"Proyecto Educativo - Colegio Misioneras de la Providencia Talavera de la Reina","isPartOf":{"@id":"https:\/\/buenartevisual.com\/colegiotalavera\/#website"},"primaryImageOfPage":{"@id":"https:\/\/buenartevisual.com\/colegiotalavera\/proyecto-educativo\/#primaryimage"},"image":{"@id":"https:\/\/buenartevisual.com\/colegiotalavera\/proyecto-educativo\/#primaryimage"},"thumbnailUrl":"https:\/\/buenartevisual.com\/colegiotalavera\/wp-content\/uploads\/2025\/08\/colegio-misioneras-1-1.jpg","datePublished":"2025-08-25T10:02:41+00:00","dateModified":"2025-10-22T11:45:43+00:00","breadcrumb":{"@id":"https:\/\/buenartevisual.com\/colegiotalavera\/proyecto-educativo\/#breadcrumb"},"inLanguage":"es","potentialAction":[{"@type":"ReadAction","target":["https:\/\/buenartevisual.com\/colegiotalavera\/proyecto-educativo\/"]}]},{"@type":"ImageObject","inLanguage":"es","@id":"https:\/\/buenartevisual.com\/colegiotalavera\/proyecto-educativo\/#primaryimage","url":"https:\/\/buenartevisual.com\/colegiotalavera\/wp-content\/uploads\/2025\/08\/colegio-misioneras-1-1.jpg","contentUrl":"https:\/\/buenartevisual.com\/colegiotalavera\/wp-content\/uploads\/2025\/08\/colegio-misioneras-1-1.jpg","width":1200,"height":1200},{"@type":"BreadcrumbList","@id":"https:\/\/buenartevisual.com\/colegiotalavera\/proyecto-educativo\/#breadcrumb","itemListElement":[{"@type":"ListItem","position":1,"name":"Portada","item":"https:\/\/buenartevisual.com\/colegiotalavera\/"},{"@type":"ListItem","position":2,"name":"Proyecto Educativo"}]},{"@type":"WebSite","@id":"https:\/\/buenartevisual.com\/colegiotalavera\/#website","url":"https:\/\/buenartevisual.com\/colegiotalavera\/","name":"Colegio Misioneras de la Providencia Talavera de la Reina","description":"Web del colegio Misioneras de la Providencia de Talavera de la Reina","publisher":{"@id":"https:\/\/buenartevisual.com\/colegiotalavera\/#organization"},"potentialAction":[{"@type":"SearchAction","target":{"@type":"EntryPoint","urlTemplate":"https:\/\/buenartevisual.com\/colegiotalavera\/?s={search_term_string}"},"query-input":{"@type":"PropertyValueSpecification","valueRequired":true,"valueName":"search_term_string"}}],"inLanguage":"es"},{"@type":"Organization","@id":"https:\/\/buenartevisual.com\/colegiotalavera\/#organization","name":"Colegio Misioneras de la Providencia Talavera de la Reina","url":"https:\/\/buenartevisual.com\/colegiotalavera\/","logo":{"@type":"ImageObject","inLanguage":"es","@id":"https:\/\/buenartevisual.com\/colegiotalavera\/#\/schema\/logo\/image\/","url":"https:\/\/buenartevisual.com\/colegiotalavera\/wp-content\/uploads\/2025\/10\/logo-misioneras-talavera.png","contentUrl":"https:\/\/buenartevisual.com\/colegiotalavera\/wp-content\/uploads\/2025\/10\/logo-misioneras-talavera.png","width":447,"height":142,"caption":"Colegio Misioneras de la Providencia Talavera de la Reina"},"image":{"@id":"https:\/\/buenartevisual.com\/colegiotalavera\/#\/schema\/logo\/image\/"}}]}},"_links":{"self":[{"href":"https:\/\/buenartevisual.com\/colegiotalavera\/wp-json\/wp\/v2\/pages\/21165","targetHints":{"allow":["GET"]}}],"collection":[{"href":"https:\/\/buenartevisual.com\/colegiotalavera\/wp-json\/wp\/v2\/pages"}],"about":[{"href":"https:\/\/buenartevisual.com\/colegiotalavera\/wp-json\/wp\/v2\/types\/page"}],"author":[{"embeddable":true,"href":"https:\/\/buenartevisual.com\/colegiotalavera\/wp-json\/wp\/v2\/users\/2"}],"replies":[{"embeddable":true,"href":"https:\/\/buenartevisual.com\/colegiotalavera\/wp-json\/wp\/v2\/comments?post=21165"}],"version-history":[{"count":40,"href":"https:\/\/buenartevisual.com\/colegiotalavera\/wp-json\/wp\/v2\/pages\/21165\/revisions"}],"predecessor-version":[{"id":24507,"href":"https:\/\/buenartevisual.com\/colegiotalavera\/wp-json\/wp\/v2\/pages\/21165\/revisions\/24507"}],"wp:attachment":[{"href":"https:\/\/buenartevisual.com\/colegiotalavera\/wp-json\/wp\/v2\/media?parent=21165"}],"curies":[{"name":"wp","href":"https:\/\/api.w.org\/{rel}","templated":true}]}}