{"id":194,"date":"2021-07-19T21:25:22","date_gmt":"2021-07-19T21:25:22","guid":{"rendered":"https:\/\/d-themes.com\/wordpress\/udesign\/dummy\/main\/?page_id=194"},"modified":"2025-10-22T13:02:41","modified_gmt":"2025-10-22T11:02:41","slug":"contacto","status":"publish","type":"page","link":"https:\/\/buenartevisual.com\/colegiotalavera\/contacto\/","title":{"rendered":"Contacto"},"content":{"rendered":"\t\t<div data-elementor-type=\"wp-page\" data-elementor-id=\"194\" class=\"elementor elementor-194\">\n\t\t\t\t\t\t\t<div class=\" elementor-element elementor-element-7130cd2 e-flex e-con-boxed e-con e-parent\" data-id=\"7130cd2\" data-element_type=\"container\" data-settings=\"{&quot;background_background&quot;:&quot;classic&quot;}\">\r\n\t\t\t\t\t\t\t<div class=\"e-con-inner\">\r\n\t\t\t\t\t\t\t<div class=\" elementor-element elementor-element-3e19256 e-con-full e-flex e-con e-child\" data-id=\"3e19256\" data-element_type=\"container\">\r\n\t\t\t\t\t<div class=\"elementor-element elementor-element-182a9c4 elementor-invisible elementor-widget elementor-widget-udesign_widget_iconbox\" data-id=\"182a9c4\" data-element_type=\"widget\" data-settings=\"{&quot;_animation&quot;:&quot;fadeInUpShorter&quot;,&quot;_animation_delay&quot;:300}\" data-widget_type=\"udesign_widget_iconbox.default\">\n\t\t\t\t\t<div class=\"icon-box position-top icon-default\"><div class=\"icon-box-feature\"><svg xmlns=\"http:\/\/www.w3.org\/2000\/svg\" xmlns:xlink=\"http:\/\/www.w3.org\/1999\/xlink\" id=\"Layer_1\" x=\"0px\" y=\"0px\" viewBox=\"0 0 70 70\" style=\"enable-background:new 0 0 70 70;\" xml:space=\"preserve\"><g>\t<path d=\"M69.6,59.7v-19c-0.9,1.4-1.8,3-2.8,4.6v12.6l-18.4,7.8v-6.9l-2.8-4v11.1l-21.4-8V9.4l3.7,1.4c0.2-0.9,0.5-1.8,0.7-2.7  L22.9,6L0.4,15.6V70L23,60.2l24.2,9.1L69.6,59.7z M21.5,57.9L3.1,65.7V17.4l18.4-7.9V57.9z\"><\/path>\t<path d=\"M55.2,14.4c-0.6-0.6-1.2-0.8-2.1-0.8c-0.8,0-1.5,0.3-2.1,0.8c-0.6,0.6-0.8,1.2-0.8,2.1c0,0.8,0.3,1.5,0.8,2.1  c0.6,0.6,1.2,0.8,2.1,0.8c0.8,0,1.5-0.3,2.1-0.8c0.6-0.6,0.8-1.2,0.8-2.1C56,15.7,55.8,15,55.2,14.4z\"><\/path>\t<path d=\"M67.1,25.3c0.8-1.9,1.5-3.5,1.8-4.7c0.5-1.5,0.7-2.9,0.7-4.1c0-3-0.8-5.7-2.2-8.2c-1.5-2.5-3.5-4.5-6-6  C58.9,0.7,56.1,0,53.1,0c-3,0-5.7,0.7-8.2,2.2c-2.5,1.5-4.5,3.5-6,6c-1.5,2.5-2.2,5.3-2.2,8.2c0,1.2,0.2,2.6,0.7,4  c0.4,1.3,1,2.9,1.8,4.7c1.4,3.2,3.1,6.6,5.2,10.1c2.5,4.3,5.1,8.4,7.7,12.1l1.1,1.6l3.6-5.2c1.9-2.9,3.7-5.8,5.2-8.5  C64,31.8,65.8,28.4,67.1,25.3z M55,41.2l-1.8,2.9l-1.9-3c-1.5-2.2-3-4.6-4.5-7.1c-2.3-3.9-4-7.3-5.2-9.9c-0.7-1.5-1.2-3-1.6-4.3  c-0.4-1.5-0.6-2.5-0.6-3.3c0-2.5,0.6-4.8,1.8-6.9c1.2-2.1,2.9-3.8,5-5c4.2-2.4,9.6-2.4,13.8,0c2.1,1.2,3.8,2.9,5,5  c1.2,2.1,1.8,4.4,1.8,6.9c0,0.8-0.2,1.9-0.6,3.3c-0.4,1.3-0.9,2.8-1.6,4.3c-1.2,2.6-2.9,6-5.2,9.9C58,36.5,56.5,38.9,55,41.2z\"><\/path><\/g><\/svg><\/div><div class=\"icon-box-content\"><h3 class=\"icon-box-title\">Direcci\u00f3n<\/h3><p class=\"icon-box-desc\">C. Capit\u00e1n Cort\u00e9s, 103, 45600 <br>Talavera de la Reina, Toledo<\/p><\/div><\/div>\t\t\t\t<\/div>\n\t\t\r\n\t\t\t<\/div>\r\n\t\t\t\t\t\t<div class=\" elementor-element elementor-element-20dc959 e-con-full e-flex e-con e-child\" data-id=\"20dc959\" data-element_type=\"container\">\r\n\t\t\t\t\t<div class=\"elementor-element elementor-element-0810aa6 elementor-invisible elementor-widget elementor-widget-udesign_widget_iconbox\" data-id=\"0810aa6\" data-element_type=\"widget\" data-settings=\"{&quot;_animation&quot;:&quot;fadeInUpShorter&quot;,&quot;_animation_delay&quot;:450}\" data-widget_type=\"udesign_widget_iconbox.default\">\n\t\t\t\t\t<div class=\"icon-box position-top icon-default\"><div class=\"icon-box-feature\"><i class=\"  u-icon-envelop3\"><\/i><\/div><div class=\"icon-box-content\"><h3 class=\"icon-box-title\">Escr\u00edbenos<\/h3><p class=\"icon-box-desc\">Email: <a href=\"mailto:jalonsomp@planalfa.es\n\">jalonsomp@planalfa.es <\/a href=\"mailto:jalonsomp@planalfa.es\n\">\nCurriculum: <a href=\"mailto:comunicados@misionerastalavera.es\n\">comunicados@misionerastalavera.es\n<\/p><\/div><\/div>\t\t\t\t<\/div>\n\t\t\r\n\t\t\t<\/div>\r\n\t\t\t\t\t\t<div class=\" elementor-element elementor-element-03d7265 e-con-full e-flex e-con e-child\" data-id=\"03d7265\" data-element_type=\"container\">\r\n\t\t\t\t\t<div class=\"elementor-element elementor-element-1a36ea2 elementor-invisible elementor-widget elementor-widget-udesign_widget_iconbox\" data-id=\"1a36ea2\" data-element_type=\"widget\" data-settings=\"{&quot;_animation&quot;:&quot;fadeInUpShorter&quot;,&quot;_animation_delay&quot;:600}\" data-widget_type=\"udesign_widget_iconbox.default\">\n\t\t\t\t\t<div class=\"icon-box position-top icon-default\"><div class=\"icon-box-feature\"><svg xmlns=\"http:\/\/www.w3.org\/2000\/svg\" xmlns:xlink=\"http:\/\/www.w3.org\/1999\/xlink\" id=\"Layer_1\" x=\"0px\" y=\"0px\" viewBox=\"0 0 70 70\" style=\"enable-background:new 0 0 70 70;\" xml:space=\"preserve\"><g>\t<path d=\"M40,10v2.6c2.9,0.2,5.7,1,8.2,2.5c2.8,1.7,5.1,3.9,6.8,6.8c1.5,2.5,2.3,5.3,2.5,8.2H60c-0.2-3.4-1.1-6.6-2.8-9.5  c-1.9-3.2-4.5-5.8-7.7-7.7C46.6,11.1,43.4,10.2,40,10z\"><\/path>\t<path d=\"M0.2,20c-0.3,1.4-0.3,2.7,0.2,4c1.4,4,3.4,8.1,5.8,12.3c3.4,5.7,7.4,11,12,15.6c7.4,7.5,16.7,13.4,27.7,17.7l0.2,0  c1.3,0.5,2.6,0.5,3.9,0.3c1.3-0.3,2.5-0.8,3.6-1.8l7.8-7.8c0.8-0.8,1.2-1.8,1.2-3c0-1.2-0.4-2.2-1.2-3L51.2,43.9  c-0.8-0.8-1.8-1.2-3.1-1.2c-1.2,0-2.2,0.4-3.1,1.2l-5.5,5.6l-0.8-0.4c-4-1.9-7.6-4.3-10.6-7.2c-3-2.9-5.4-6.4-7.2-10.5l-0.3-0.7  l5.5-5.5c0.9-0.9,1.3-2,1.3-3.3c0-1.2-0.4-2.1-1.3-2.8l0,0l-0.2-0.2l0,0L15.9,8.5c-1.7-1.4-4.1-1.4-5.8,0l-7.7,7.9  C1.2,17.5,0.5,18.6,0.2,20z M2.8,20.6C3,19.7,3.4,19,4,18.5l7.6-7.8c0.7-0.7,1.7-0.8,2.6-0.1l10.6,10.8l0.1,0.3  c0.1,0.6,0,1.2-0.5,1.6l-6.9,6.8l0.3,0.9l1,2.1c0.8,1.7,1.7,3.4,2.8,5c1.5,2.3,3.1,4.2,4.8,5.8c2.4,2.3,5.3,4.5,8.6,6.4  c1.7,1,3.1,1.7,4.2,2.1l0.9,0.4l7-7c0.1-0.1,0.5-0.5,1.1-0.5c0.6,0,0.9,0.4,1.1,0.5l10.5,10.5c0.2,0.2,0.5,0.5,0.5,1  c0,0.5-0.3,0.8-0.5,1L51.9,66c-1,0.9-2.1,1.3-3.3,1.3c-0.5,0-1.1-0.1-1.6-0.3c-10.7-4.2-19.8-9.9-26.9-17.1  c-4.4-4.4-8.3-9.5-11.6-15.1c-2.4-4.1-4.2-8-5.5-11.8l-0.1-0.2C2.6,22.1,2.6,21.4,2.8,20.6z\"><\/path>\t<path d=\"M40,20v2.6c1.9,0.2,3.6,1.1,5,2.5c1.4,1.4,2.2,3.1,2.5,5H50c-0.2-1.6-0.6-3.1-1.5-4.5c-1-1.7-2.4-3.1-4.1-4.1  C43.1,20.6,41.6,20.1,40,20z\"><\/path>\t<path d=\"M54.6,4.3L54.6,4.3C50.1,1.6,45.2,0.2,40,0v2.6c4.7,0.2,9.1,1.5,13.3,3.9c4.3,2.5,7.7,6,10.2,10.2  c2.4,4.1,3.7,8.6,3.9,13.3H70c-0.2-5.2-1.6-10.1-4.3-14.6C63,10.8,59.2,7,54.6,4.3z\"><\/path><\/g><\/svg><\/div><div class=\"icon-box-content\"><h3 class=\"icon-box-title\">Hablemos <\/h3><p class=\"icon-box-desc\">Tel\u00e9fono: <a href=\"tel:925817275\" class=\"text-nowrap\">925 81 72 75<\/a><br\/>\n<\/p><\/div><\/div>\t\t\t\t<\/div>\n\t\t\r\n\t\t\t<\/div>\r\n\t\t\t\t\t\t\t<\/div>\r\n\t\t\t\t\r\n\t\t\t<\/div>\r\n\t\t\t\t\t\t<div class=\" elementor-element elementor-element-20d1d25 e-flex e-con-boxed e-con e-parent\" data-id=\"20d1d25\" data-element_type=\"container\">\r\n\t\t\t\t\t\t\t<div class=\"e-con-inner\">\r\n\t\t\t\t\t\t<div class=\"elementor-element elementor-element-f4976d2 elementor-widget elementor-widget-udesign_widget_heading\" data-id=\"f4976d2\" data-element_type=\"widget\" data-widget_type=\"udesign_widget_heading.default\">\n\t\t\t\t\t<div class=\"title-wrapper  title-center\"><h4 class=\"title elementor-heading-title\">Cont\u00e1ctanos<\/h4><\/div>\t\t\t\t<\/div>\n\t\t\t\t<div class=\"elementor-element elementor-element-125dd34 elementor-widget elementor-widget-udesign_widget_heading\" data-id=\"125dd34\" data-element_type=\"widget\" data-widget_type=\"udesign_widget_heading.default\">\n\t\t\t\t\t<div class=\"title-wrapper  title-center\"><h2 class=\"title elementor-heading-title\">\u00bfCu\u00e1l es tu consulta?<\/h2><\/div>\t\t\t\t<\/div>\n\t\t\t\t\t<div class=\" elementor-element elementor-element-4610dd4 e-con-full e-flex e-con e-child\" data-id=\"4610dd4\" data-element_type=\"container\">\r\n\t\t\t\t\t\t<div class=\" elementor-element elementor-element-b08b6dc e-con-full e-flex e-con e-child\" data-id=\"b08b6dc\" data-element_type=\"container\">\r\n\t\t\t\t\t<div class=\"elementor-element elementor-element-3828859 elementor-widget elementor-widget-google_maps\" data-id=\"3828859\" data-element_type=\"widget\" data-widget_type=\"google_maps.default\">\n\t\t\t\t\t\t\t<div class=\"elementor-custom-embed\">\n\t\t\t<iframe loading=\"lazy\"\n\t\t\t\t\tsrc=\"https:\/\/maps.google.com\/maps?q=C.%20Capit%C3%A1n%20Cort%C3%A9s%2C%20103%2C%2045600%20Talavera%20de%20la%20Reina%2C%20Toledo&#038;t=m&#038;z=10&#038;output=embed&#038;iwloc=near\"\n\t\t\t\t\ttitle=\"C. Capit\u00e1n Cort\u00e9s, 103, 45600 Talavera de la Reina, Toledo\"\n\t\t\t\t\taria-label=\"C. Capit\u00e1n Cort\u00e9s, 103, 45600 Talavera de la Reina, Toledo\"\n\t\t\t><\/iframe>\n\t\t<\/div>\n\t\t\t\t\t\t<\/div>\n\t\t\r\n\t\t\t<\/div>\r\n\t\t\t\t\t\t<div class=\" elementor-element elementor-element-73ee79f e-con-full e-flex e-con e-child\" data-id=\"73ee79f\" data-element_type=\"container\">\r\n\t\t\t\t\t<div class=\"elementor-element elementor-element-574c683 elementor-widget elementor-widget-udesign_widget_contact_form\" data-id=\"574c683\" data-element_type=\"widget\" data-widget_type=\"udesign_widget_contact_form.default\">\n\t\t\t\t\t\n<div class=\"wpcf7 no-js\" id=\"wpcf7-f21641-o1\" lang=\"es-ES\" dir=\"ltr\" data-wpcf7-id=\"21641\">\n<div class=\"screen-reader-response\"><p role=\"status\" aria-live=\"polite\" aria-atomic=\"true\"><\/p> <ul><\/ul><\/div>\n<form action=\"\/colegiotalavera\/wp-json\/wp\/v2\/pages\/194#wpcf7-f21641-o1\" method=\"post\" class=\"wpcf7-form init\" aria-label=\"Formulario de contacto\" novalidate=\"novalidate\" data-status=\"init\">\n<fieldset class=\"hidden-fields-container\"><input type=\"hidden\" name=\"_wpcf7\" value=\"21641\" \/><input type=\"hidden\" name=\"_wpcf7_version\" value=\"6.1.2\" \/><input type=\"hidden\" name=\"_wpcf7_locale\" value=\"es_ES\" \/><input type=\"hidden\" name=\"_wpcf7_unit_tag\" value=\"wpcf7-f21641-o1\" \/><input type=\"hidden\" name=\"_wpcf7_container_post\" value=\"0\" \/><input type=\"hidden\" name=\"_wpcf7_posted_data_hash\" value=\"\" \/>\n<\/fieldset>\n<p><label> Nombre<br \/>\n<span class=\"wpcf7-form-control-wrap\" data-name=\"your-name\"><input size=\"40\" maxlength=\"400\" class=\"wpcf7-form-control wpcf7-text wpcf7-validates-as-required\" autocomplete=\"name\" aria-required=\"true\" aria-invalid=\"false\" value=\"\" type=\"text\" name=\"your-name\" \/><\/span> <\/label>\n<\/p>\n<p><label> Email<br \/>\n<span class=\"wpcf7-form-control-wrap\" data-name=\"your-email\"><input size=\"40\" maxlength=\"400\" class=\"wpcf7-form-control wpcf7-email wpcf7-validates-as-required wpcf7-text wpcf7-validates-as-email\" autocomplete=\"email\" aria-required=\"true\" aria-invalid=\"false\" value=\"\" type=\"email\" name=\"your-email\" \/><\/span> <\/label>\n<\/p>\n<p><label> Tel\u00e9fono<br \/>\n<span class=\"wpcf7-form-control-wrap\" data-name=\"your-tel\"><input size=\"40\" maxlength=\"400\" class=\"wpcf7-form-control wpcf7-tel wpcf7-validates-as-required wpcf7-text wpcf7-validates-as-tel\" autocomplete=\"tel\" aria-required=\"true\" aria-invalid=\"false\" value=\"\" type=\"tel\" name=\"your-tel\" \/><\/span> <\/label>\n<\/p>\n<p><label> Consulta<br \/>\n<span class=\"wpcf7-form-control-wrap\" data-name=\"your-message\"><textarea cols=\"40\" rows=\"10\" maxlength=\"2000\" class=\"wpcf7-form-control wpcf7-textarea\" aria-invalid=\"false\" name=\"your-message\"><\/textarea><\/span> <\/label>\n<\/p>\n<p><button class=\"wpcf7-form-control wpcf7-submit has-spinner\" type=\"submit\" value=\"Enviar\">Enviar<\/button>\n<\/p><div class=\"wpcf7-response-output\" aria-hidden=\"true\"><\/div>\n<\/form>\n<\/div>\n\t\t\t\t<\/div>\n\t\t\r\n\t\t\t<\/div>\r\n\t\t\t\r\n\t\t\t<\/div>\r\n\t\t\t\t\t\t\t<\/div>\r\n\t\t\t\t\r\n\t\t\t<\/div>\r\n\t\t\t\t\t<\/div>\n\t\t","protected":false},"excerpt":{"rendered":"<p>Direcci\u00f3n C. Capit\u00e1n Cort\u00e9s, 103, 45600 Talavera de la Reina, Toledo Escr\u00edbenos Email: jalonsomp@planalfa.es Curriculum: comunicados@misionerastalavera.es Hablemos Tel\u00e9fono: 925 81 72 75 Cont\u00e1ctanos \u00bfCu\u00e1l es tu consulta? Nombre Email Tel\u00e9fono Consulta Enviar<\/p>\n","protected":false},"author":1,"featured_media":0,"parent":0,"menu_order":0,"comment_status":"closed","ping_status":"closed","template":"","meta":{"footnotes":""},"class_list":["post-194","page","type-page","status-publish","hentry"],"yoast_head":"<!-- This site is optimized with the Yoast SEO plugin v26.5 - https:\/\/yoast.com\/wordpress\/plugins\/seo\/ -->\n<title>Contacto - Colegio Misioneras de la Providencia Talavera de la Reina<\/title>\n<meta name=\"robots\" content=\"noindex, follow, max-snippet:-1, max-image-preview:large, max-video-preview:-1\" \/>\n<meta property=\"og:locale\" content=\"es_ES\" \/>\n<meta property=\"og:type\" content=\"article\" \/>\n<meta property=\"og:title\" content=\"Contacto - Colegio Misioneras de la Providencia Talavera de la Reina\" \/>\n<meta property=\"og:description\" content=\"Direcci\u00f3n C. Capit\u00e1n Cort\u00e9s, 103, 45600 Talavera de la Reina, Toledo Escr\u00edbenos Email: jalonsomp@planalfa.es Curriculum: comunicados@misionerastalavera.es Hablemos Tel\u00e9fono: 925 81 72 75 Cont\u00e1ctanos \u00bfCu\u00e1l es tu consulta? Nombre Email Tel\u00e9fono Consulta Enviar\" \/>\n<meta property=\"og:url\" content=\"https:\/\/buenartevisual.com\/colegiotalavera\/contacto\/\" \/>\n<meta property=\"og:site_name\" content=\"Colegio Misioneras de la Providencia Talavera de la Reina\" \/>\n<meta property=\"article:modified_time\" content=\"2025-10-22T11:02:41+00:00\" \/>\n<meta name=\"twitter:card\" content=\"summary_large_image\" \/>\n<script type=\"application\/ld+json\" class=\"yoast-schema-graph\">{\"@context\":\"https:\/\/schema.org\",\"@graph\":[{\"@type\":\"WebPage\",\"@id\":\"https:\/\/buenartevisual.com\/colegiotalavera\/contacto\/\",\"url\":\"https:\/\/buenartevisual.com\/colegiotalavera\/contacto\/\",\"name\":\"Contacto - Colegio Misioneras de la Providencia Talavera de la Reina\",\"isPartOf\":{\"@id\":\"https:\/\/buenartevisual.com\/colegiotalavera\/#website\"},\"datePublished\":\"2021-07-19T21:25:22+00:00\",\"dateModified\":\"2025-10-22T11:02:41+00:00\",\"breadcrumb\":{\"@id\":\"https:\/\/buenartevisual.com\/colegiotalavera\/contacto\/#breadcrumb\"},\"inLanguage\":\"es\",\"potentialAction\":[{\"@type\":\"ReadAction\",\"target\":[\"https:\/\/buenartevisual.com\/colegiotalavera\/contacto\/\"]}]},{\"@type\":\"BreadcrumbList\",\"@id\":\"https:\/\/buenartevisual.com\/colegiotalavera\/contacto\/#breadcrumb\",\"itemListElement\":[{\"@type\":\"ListItem\",\"position\":1,\"name\":\"Portada\",\"item\":\"https:\/\/buenartevisual.com\/colegiotalavera\/\"},{\"@type\":\"ListItem\",\"position\":2,\"name\":\"Contacto\"}]},{\"@type\":\"WebSite\",\"@id\":\"https:\/\/buenartevisual.com\/colegiotalavera\/#website\",\"url\":\"https:\/\/buenartevisual.com\/colegiotalavera\/\",\"name\":\"Colegio Misioneras de la Providencia Talavera de la Reina\",\"description\":\"Web del colegio Misioneras de la Providencia de Talavera de la Reina\",\"publisher\":{\"@id\":\"https:\/\/buenartevisual.com\/colegiotalavera\/#organization\"},\"potentialAction\":[{\"@type\":\"SearchAction\",\"target\":{\"@type\":\"EntryPoint\",\"urlTemplate\":\"https:\/\/buenartevisual.com\/colegiotalavera\/?s={search_term_string}\"},\"query-input\":{\"@type\":\"PropertyValueSpecification\",\"valueRequired\":true,\"valueName\":\"search_term_string\"}}],\"inLanguage\":\"es\"},{\"@type\":\"Organization\",\"@id\":\"https:\/\/buenartevisual.com\/colegiotalavera\/#organization\",\"name\":\"Colegio Misioneras de la Providencia Talavera de la Reina\",\"url\":\"https:\/\/buenartevisual.com\/colegiotalavera\/\",\"logo\":{\"@type\":\"ImageObject\",\"inLanguage\":\"es\",\"@id\":\"https:\/\/buenartevisual.com\/colegiotalavera\/#\/schema\/logo\/image\/\",\"url\":\"https:\/\/buenartevisual.com\/colegiotalavera\/wp-content\/uploads\/2025\/10\/logo-misioneras-talavera.png\",\"contentUrl\":\"https:\/\/buenartevisual.com\/colegiotalavera\/wp-content\/uploads\/2025\/10\/logo-misioneras-talavera.png\",\"width\":447,\"height\":142,\"caption\":\"Colegio Misioneras de la Providencia Talavera de la Reina\"},\"image\":{\"@id\":\"https:\/\/buenartevisual.com\/colegiotalavera\/#\/schema\/logo\/image\/\"}}]}<\/script>\n<!-- \/ Yoast SEO plugin. -->","yoast_head_json":{"title":"Contacto - Colegio Misioneras de la Providencia Talavera de la Reina","robots":{"index":"noindex","follow":"follow","max-snippet":"max-snippet:-1","max-image-preview":"max-image-preview:large","max-video-preview":"max-video-preview:-1"},"og_locale":"es_ES","og_type":"article","og_title":"Contacto - Colegio Misioneras de la Providencia Talavera de la Reina","og_description":"Direcci\u00f3n C. Capit\u00e1n Cort\u00e9s, 103, 45600 Talavera de la Reina, Toledo Escr\u00edbenos Email: jalonsomp@planalfa.es Curriculum: comunicados@misionerastalavera.es Hablemos Tel\u00e9fono: 925 81 72 75 Cont\u00e1ctanos \u00bfCu\u00e1l es tu consulta? Nombre Email Tel\u00e9fono Consulta Enviar","og_url":"https:\/\/buenartevisual.com\/colegiotalavera\/contacto\/","og_site_name":"Colegio Misioneras de la Providencia Talavera de la Reina","article_modified_time":"2025-10-22T11:02:41+00:00","twitter_card":"summary_large_image","schema":{"@context":"https:\/\/schema.org","@graph":[{"@type":"WebPage","@id":"https:\/\/buenartevisual.com\/colegiotalavera\/contacto\/","url":"https:\/\/buenartevisual.com\/colegiotalavera\/contacto\/","name":"Contacto - Colegio Misioneras de la Providencia Talavera de la Reina","isPartOf":{"@id":"https:\/\/buenartevisual.com\/colegiotalavera\/#website"},"datePublished":"2021-07-19T21:25:22+00:00","dateModified":"2025-10-22T11:02:41+00:00","breadcrumb":{"@id":"https:\/\/buenartevisual.com\/colegiotalavera\/contacto\/#breadcrumb"},"inLanguage":"es","potentialAction":[{"@type":"ReadAction","target":["https:\/\/buenartevisual.com\/colegiotalavera\/contacto\/"]}]},{"@type":"BreadcrumbList","@id":"https:\/\/buenartevisual.com\/colegiotalavera\/contacto\/#breadcrumb","itemListElement":[{"@type":"ListItem","position":1,"name":"Portada","item":"https:\/\/buenartevisual.com\/colegiotalavera\/"},{"@type":"ListItem","position":2,"name":"Contacto"}]},{"@type":"WebSite","@id":"https:\/\/buenartevisual.com\/colegiotalavera\/#website","url":"https:\/\/buenartevisual.com\/colegiotalavera\/","name":"Colegio Misioneras de la Providencia Talavera de la Reina","description":"Web del colegio Misioneras de la Providencia de Talavera de la Reina","publisher":{"@id":"https:\/\/buenartevisual.com\/colegiotalavera\/#organization"},"potentialAction":[{"@type":"SearchAction","target":{"@type":"EntryPoint","urlTemplate":"https:\/\/buenartevisual.com\/colegiotalavera\/?s={search_term_string}"},"query-input":{"@type":"PropertyValueSpecification","valueRequired":true,"valueName":"search_term_string"}}],"inLanguage":"es"},{"@type":"Organization","@id":"https:\/\/buenartevisual.com\/colegiotalavera\/#organization","name":"Colegio Misioneras de la Providencia Talavera de la Reina","url":"https:\/\/buenartevisual.com\/colegiotalavera\/","logo":{"@type":"ImageObject","inLanguage":"es","@id":"https:\/\/buenartevisual.com\/colegiotalavera\/#\/schema\/logo\/image\/","url":"https:\/\/buenartevisual.com\/colegiotalavera\/wp-content\/uploads\/2025\/10\/logo-misioneras-talavera.png","contentUrl":"https:\/\/buenartevisual.com\/colegiotalavera\/wp-content\/uploads\/2025\/10\/logo-misioneras-talavera.png","width":447,"height":142,"caption":"Colegio Misioneras de la Providencia Talavera de la Reina"},"image":{"@id":"https:\/\/buenartevisual.com\/colegiotalavera\/#\/schema\/logo\/image\/"}}]}},"_links":{"self":[{"href":"https:\/\/buenartevisual.com\/colegiotalavera\/wp-json\/wp\/v2\/pages\/194","targetHints":{"allow":["GET"]}}],"collection":[{"href":"https:\/\/buenartevisual.com\/colegiotalavera\/wp-json\/wp\/v2\/pages"}],"about":[{"href":"https:\/\/buenartevisual.com\/colegiotalavera\/wp-json\/wp\/v2\/types\/page"}],"author":[{"embeddable":true,"href":"https:\/\/buenartevisual.com\/colegiotalavera\/wp-json\/wp\/v2\/users\/1"}],"replies":[{"embeddable":true,"href":"https:\/\/buenartevisual.com\/colegiotalavera\/wp-json\/wp\/v2\/comments?post=194"}],"version-history":[{"count":20,"href":"https:\/\/buenartevisual.com\/colegiotalavera\/wp-json\/wp\/v2\/pages\/194\/revisions"}],"predecessor-version":[{"id":24482,"href":"https:\/\/buenartevisual.com\/colegiotalavera\/wp-json\/wp\/v2\/pages\/194\/revisions\/24482"}],"wp:attachment":[{"href":"https:\/\/buenartevisual.com\/colegiotalavera\/wp-json\/wp\/v2\/media?parent=194"}],"curies":[{"name":"wp","href":"https:\/\/api.w.org\/{rel}","templated":true}]}}